{"id":433,"date":"2024-07-27T18:18:18","date_gmt":"2024-07-27T18:18:18","guid":{"rendered":"https:\/\/peru.sierinkwp.nl\/overperumotors\/"},"modified":"2025-01-25T11:58:49","modified_gmt":"2025-01-25T11:58:49","slug":"overperumotors","status":"publish","type":"page","link":"https:\/\/perumotors.com\/it\/overperumotors\/","title":{"rendered":"Informazioni su PeruMotors"},"content":{"rendered":"\t\t<div data-elementor-type=\"wp-page\" data-elementor-id=\"433\" class=\"elementor elementor-433 elementor-428\" data-elementor-post-type=\"page\">\n\t\t\t\t<div class=\"elementor-element elementor-element-88136c7 e-flex e-con-boxed e-con e-parent\" data-id=\"88136c7\" data-element_type=\"container\" data-e-type=\"container\" data-settings=\"{&quot;background_background&quot;:&quot;classic&quot;}\">\n\t\t\t\t\t<div class=\"e-con-inner\">\n\t\t<div class=\"elementor-element elementor-element-ab5edbc e-con-full e-flex e-con e-child\" data-id=\"ab5edbc\" data-element_type=\"container\" data-e-type=\"container\">\n\t\t\t\t<div class=\"elementor-element elementor-element-123762f elementor-widget elementor-widget-heading\" data-id=\"123762f\" data-element_type=\"widget\" data-e-type=\"widget\" data-widget_type=\"heading.default\">\n\t\t\t\t\t<h2 class=\"elementor-heading-title elementor-size-default\"><span>Informazioni su<\/span>PeruMotors  <\/h2>\t\t\t\t<\/div>\n\t\t\t\t<div class=\"elementor-element elementor-element-4d6b77e elementor-widget elementor-widget-text-editor\" data-id=\"4d6b77e\" data-element_type=\"widget\" data-e-type=\"widget\" data-widget_type=\"text-editor.default\">\n\t\t\t\t\t\t\t\t\t<p>PeruMotors SRL \u00e8 nata nel 2004 come una piccola compagnia di tour in moto da e per gli appassionati di moto.<br \/>\nOggi, PeruMotors \u00e8 uno dei principali tour operator di motociclette in Sud America.  E la pi\u00f9 grande azienda di noleggio di moto BMW del Per\u00f9. Ancora sotto la gestione olandese.<\/p>\n<p>Nel 2010, PeruMotors \u00e8 diventato &#8216;Partner ufficiale di BMW Motorrad&#8217;.<\/p>\n<p>Siamo specializzati in:<\/p>\n<ul>\n<li>Tour guidati in moto in tutto il mondo<\/li>\n<li>Tour in moto autoguidati in Per\u00f9<\/li>\n<li>Noleggio moto in Per\u00f9<\/li>\n<li>(Self) Tour guidati in 4\u00d74<\/li>\n<\/ul>\n<p>&#8230; e qualsiasi combinazione possibile di questi servizi.<\/p>\n<p>PeruMotors dispone di una moderna flotta di oltre 50 moto:<br \/>&#8211; BMW Motorrad,<br \/>&#8211; Honda,<br \/>&#8211; Kawasaki.<br \/>Completato da 3 veicoli di supporto con 2 rimorchi per moto.<\/p>\n<p>La nostra officina privata di motociclette si trova anche nella citt\u00e0 di Arequipa.<\/p>\n\t\t\t\t\t\t\t\t<\/div>\n\t\t\t\t<\/div>\n\t\t<div class=\"elementor-element elementor-element-380f3cc e-con-full e-flex e-con e-child\" data-id=\"380f3cc\" data-element_type=\"container\" data-e-type=\"container\">\n\t\t<div class=\"elementor-element elementor-element-24f5a4a e-flex e-con-boxed e-con e-child\" data-id=\"24f5a4a\" data-element_type=\"container\" data-e-type=\"container\" data-settings=\"{&quot;background_background&quot;:&quot;classic&quot;}\">\n\t\t\t\t\t<div class=\"e-con-inner\">\n\t\t\t\t\t<\/div>\n\t\t\t\t<\/div>\n\t\t\t\t<\/div>\n\t\t\t\t\t<\/div>\n\t\t\t\t<\/div>\n\t\t<div class=\"elementor-element elementor-element-ef44500 e-flex e-con-boxed e-con e-parent\" data-id=\"ef44500\" data-element_type=\"container\" data-e-type=\"container\">\n\t\t\t\t\t<div class=\"e-con-inner\">\n\t\t<div class=\"elementor-element elementor-element-59a590f e-con-full e-flex e-con e-child\" data-id=\"59a590f\" data-element_type=\"container\" data-e-type=\"container\">\n\t\t<div class=\"elementor-element elementor-element-35fd5f0 e-con-full e-flex e-con e-child\" data-id=\"35fd5f0\" data-element_type=\"container\" data-e-type=\"container\">\n\t\t\t\t<div class=\"elementor-element elementor-element-0639c4d elementor-widget elementor-widget-text-editor\" data-id=\"0639c4d\" data-element_type=\"widget\" data-e-type=\"widget\" data-widget_type=\"text-editor.default\">\n\t\t\t\t\t\t\t\t\t<p>Oltre alle nostre attivit\u00e0 di touring, forniamo i nostri servizi a numerosi operatori specializzati in tour in moto di tutto il mondo: Stati Uniti, Canada, Paesi Bassi, Austria, Brasile, Germania, Regno Unito, Australia e Nuova Zelanda.<br \/>Abbiamo iniziato con i nostri tour in Per\u00f9 e Bolivia.<br \/>\nOggi effettuiamo tour nei Paesi che vede sul lato destro.<br \/>I nostri &#8216;Speciali&#8217; per gli Stati Uniti, il Canada, l&#8217;Europa e la Nuova Zelanda sono riconosciuti dall&#8217;industria del turismo come vere e proprie avventure in un ambiente informale. <\/p>\n<p>I due fondatori (Lars Caldenhoven e Geert Boeder) gestiscono ancora le attivit\u00e0 quotidiane ad Arequipa.<br \/>\nEd entrambi sono le guide motociclistiche professionali di PeruMotors. <\/p>\n<p>Sede centrale ad Arequipa, nel Per\u00f9 meridionale.<br \/>Nel 2019 PeruMotors ha avuto come ospiti pi\u00f9 di 350 motociclisti e turisti 4&#215;4.<\/p>\n\t\t\t\t\t\t\t\t<\/div>\n\t\t\t\t<\/div>\n\t\t\t\t<\/div>\n\t\t<div class=\"elementor-element elementor-element-8f3d8f7 e-con-full e-flex e-con e-child\" data-id=\"8f3d8f7\" data-element_type=\"container\" data-e-type=\"container\">\n\t\t<div class=\"elementor-element elementor-element-41364d9 e-con-full e-flex e-con e-child\" data-id=\"41364d9\" data-element_type=\"container\" data-e-type=\"container\" data-settings=\"{&quot;background_background&quot;:&quot;classic&quot;}\">\n\t\t\t\t<div class=\"elementor-element elementor-element-821a1c9 elementor-widget elementor-widget-heading\" data-id=\"821a1c9\" data-element_type=\"widget\" data-e-type=\"widget\" data-widget_type=\"heading.default\">\n\t\t\t\t\t<h3 class=\"elementor-heading-title elementor-size-default\">Contrariamente a quanto suggerisce il nostro nome, oggi la porteremo a fare delle visite guidate in citt\u00e0:<\/h3>\t\t\t\t<\/div>\n\t\t\t\t<div class=\"elementor-element elementor-element-72bc276 elementor-widget elementor-widget-text-editor\" data-id=\"72bc276\" data-element_type=\"widget\" data-e-type=\"widget\" data-widget_type=\"text-editor.default\">\n\t\t\t\t\t\t\t\t\t<ul>\n<li>Per\u00f9<\/li>\n<li>Bolivia<\/li>\n<li>Cile<\/li>\n<li>Argentina<\/li>\n<li>Ecuador<\/li>\n<li>STATI UNITI<\/li>\n<li>Canada<\/li>\n<li>Messico<\/li>\n<li>Europa<\/li>\n<li>Nuova Zelanda<\/li>\n<\/ul>\n\t\t\t\t\t\t\t\t<\/div>\n\t\t\t\t<\/div>\n\t\t\t\t<\/div>\n\t\t\t\t\t<\/div>\n\t\t\t\t<\/div>\n\t\t<div class=\"elementor-element elementor-element-3bfd15b e-flex e-con-boxed e-con e-parent\" data-id=\"3bfd15b\" data-element_type=\"container\" data-e-type=\"container\">\n\t\t\t\t\t<div class=\"e-con-inner\">\n\t\t<div class=\"elementor-element elementor-element-64f3379 e-con-full e-flex e-con e-child\" data-id=\"64f3379\" data-element_type=\"container\" data-e-type=\"container\">\n\t\t\t\t<div class=\"elementor-element elementor-element-911cb39 elementor-widget elementor-widget-image\" data-id=\"911cb39\" data-element_type=\"widget\" data-e-type=\"widget\" data-widget_type=\"image.default\">\n\t\t\t\t\t\t\t\t\t\t\t\t\t\t\t<img fetchpriority=\"high\" decoding=\"async\" width=\"501\" height=\"501\" src=\"https:\/\/perumotors.com\/wp-content\/uploads\/2024\/07\/image-29.png\" class=\"attachment-large size-large wp-image-447\" alt=\"\" srcset=\"https:\/\/perumotors.com\/wp-content\/uploads\/2024\/07\/image-29.png 501w, https:\/\/perumotors.com\/wp-content\/uploads\/2024\/07\/image-29-350x350.png 350w, https:\/\/perumotors.com\/wp-content\/uploads\/2024\/07\/image-29-200x200.png 200w\" sizes=\"(max-width: 501px) 100vw, 501px\" \/>\t\t\t\t\t\t\t\t\t\t\t\t\t\t\t<\/div>\n\t\t\t\t<\/div>\n\t\t<div class=\"elementor-element elementor-element-0d51d1f e-con-full e-flex e-con e-child\" data-id=\"0d51d1f\" data-element_type=\"container\" data-e-type=\"container\">\n\t\t\t\t<div class=\"elementor-element elementor-element-32cdd55 elementor-widget elementor-widget-heading\" data-id=\"32cdd55\" data-element_type=\"widget\" data-e-type=\"widget\" data-widget_type=\"heading.default\">\n\t\t\t\t\t<h2 class=\"elementor-heading-title elementor-size-default\">Fondatori di PeruMotors<\/h2>\t\t\t\t<\/div>\n\t\t\t\t<div class=\"elementor-element elementor-element-c00668a elementor-widget elementor-widget-text-editor\" data-id=\"c00668a\" data-element_type=\"widget\" data-e-type=\"widget\" data-widget_type=\"text-editor.default\">\n\t\t\t\t\t\t\t\t\t<p>Geert Boeder e Lars Caldenhoven<\/p>\n\t\t\t\t\t\t\t\t<\/div>\n\t\t\t\t<div class=\"elementor-element elementor-element-b67c86f elementor-widget elementor-widget-heading\" data-id=\"b67c86f\" data-element_type=\"widget\" data-e-type=\"widget\" data-widget_type=\"heading.default\">\n\t\t\t\t\t<h2 class=\"elementor-heading-title elementor-size-default\">Equipaggio<\/h2>\t\t\t\t<\/div>\n\t\t\t\t<div class=\"elementor-element elementor-element-6a314a3 elementor-widget elementor-widget-text-editor\" data-id=\"6a314a3\" data-element_type=\"widget\" data-e-type=\"widget\" data-widget_type=\"text-editor.default\">\n\t\t\t\t\t\t\t\t\t<ul>\n<li>2 Guide professionali (in moto)<\/li>\n<li>2 Meccanici di moto a tempo pieno<\/li>\n<li>1 contabile<\/li>\n<li>2 Guide freelance e<\/li>\n<li>2 Autisti\/meccanici freelance di<\/li>\n<\/ul>\n<p>La maggior parte delle guide di PeruMotors parla correntemente spagnolo, inglese, olandese e tedesco (molto) elementare.<\/p>\n\t\t\t\t\t\t\t\t<\/div>\n\t\t\t\t<\/div>\n\t\t\t\t\t<\/div>\n\t\t\t\t<\/div>\n\t\t<div class=\"elementor-element elementor-element-f4bba4e e-flex e-con-boxed e-con e-parent\" data-id=\"f4bba4e\" data-element_type=\"container\" data-e-type=\"container\">\n\t\t\t\t\t<div class=\"e-con-inner\">\n\t\t<div class=\"elementor-element elementor-element-8779613 e-con-full e-flex e-con e-child\" data-id=\"8779613\" data-element_type=\"container\" data-e-type=\"container\">\n\t\t\t\t<div class=\"elementor-element elementor-element-055d5b1 elementor-widget elementor-widget-heading\" data-id=\"055d5b1\" data-element_type=\"widget\" data-e-type=\"widget\" data-widget_type=\"heading.default\">\n\t\t\t\t\t<h2 class=\"elementor-heading-title elementor-size-default\">Equipaggio di PeruMotors<\/h2>\t\t\t\t<\/div>\n\t\t\t\t<div class=\"elementor-element elementor-element-a08fa35 elementor-widget elementor-widget-text-editor\" data-id=\"a08fa35\" data-element_type=\"widget\" data-e-type=\"widget\" data-widget_type=\"text-editor.default\">\n\t\t\t\t\t\t\t\t\t<p><strong>Eduardo<\/strong> (foto in alto a destra)<br \/>Lavora come guida turistica freelance in moto e come autista\/meccanico nei tour)<\/p>\n<p><strong>Carlos<\/strong> (primo da sinistra)<br \/>Il nostro capo meccanico<\/p>\n<p><strong>Mauricio<\/strong> (terzo da destra)<br \/>Meccanico\/autista<\/p>\n<p><strong>Marisa<\/strong> (terza da sinistra)<br \/>Finanza\/Contabile<\/p>\n<p><strong>Edi<\/strong> (secondo da destra)<br \/>Edi \u00e8 stato il nostro noto meccanico\/autista freelance durante i tour per molti anni.<\/p>\n\t\t\t\t\t\t\t\t<\/div>\n\t\t\t\t<\/div>\n\t\t<div class=\"elementor-element elementor-element-bff27e3 e-con-full e-flex e-con e-child\" data-id=\"bff27e3\" data-element_type=\"container\" data-e-type=\"container\">\n\t\t\t\t<div class=\"elementor-element elementor-element-0bd2ba2 elementor-widget elementor-widget-image\" data-id=\"0bd2ba2\" data-element_type=\"widget\" data-e-type=\"widget\" data-widget_type=\"image.default\">\n\t\t\t\t\t\t\t\t\t\t\t\t\t\t\t<img decoding=\"async\" width=\"530\" height=\"600\" src=\"https:\/\/perumotors.com\/wp-content\/uploads\/2024\/07\/image-30-530x600.png\" class=\"attachment-large size-large wp-image-453\" alt=\"\" srcset=\"https:\/\/perumotors.com\/wp-content\/uploads\/2024\/07\/image-30-530x600.png 530w, https:\/\/perumotors.com\/wp-content\/uploads\/2024\/07\/image-30-309x350.png 309w, https:\/\/perumotors.com\/wp-content\/uploads\/2024\/07\/image-30.png 605w\" sizes=\"(max-width: 530px) 100vw, 530px\" \/>\t\t\t\t\t\t\t\t\t\t\t\t\t\t\t<\/div>\n\t\t\t\t<\/div>\n\t\t\t\t\t<\/div>\n\t\t\t\t<\/div>\n\t\t\t\t<\/div>\n\t\t","protected":false},"excerpt":{"rendered":"<p>Informazioni suPeruMotors PeruMotors SRL \u00e8 nata nel 2004 come una piccola compagnia di tour in moto da e per gli appassionati di moto. Oggi, PeruMotors \u00e8 uno dei principali tour operator di motociclette in Sud America. E la pi\u00f9 grande azienda di noleggio di moto BMW del Per\u00f9. Ancora sotto la gestione olandese. Nel 2010, [&hellip;]<\/p>\n","protected":false},"author":1,"featured_media":0,"parent":0,"menu_order":0,"comment_status":"closed","ping_status":"closed","template":"","meta":{"_seopress_robots_primary_cat":"","_seopress_titles_title":"","_seopress_titles_desc":"","_seopress_robots_index":"","site-sidebar-layout":"no-sidebar","site-content-layout":"page-builder","ast-site-content-layout":"full-width-container","site-content-style":"default","site-sidebar-style":"default","ast-global-header-display":"","ast-banner-title-visibility":"","ast-main-header-display":"","ast-hfb-above-header-display":"","ast-hfb-below-header-display":"","ast-hfb-mobile-header-display":"","site-post-title":"disabled","ast-breadcrumbs-content":"","ast-featured-img":"disabled","footer-sml-layout":"","ast-disable-related-posts":"","theme-transparent-header-meta":"default","adv-header-id-meta":"","stick-header-meta":"default","header-above-stick-meta":"","header-main-stick-meta":"","header-below-stick-meta":"","astra-migrate-meta-layouts":"set","ast-page-background-enabled":"default","ast-page-background-meta":{"desktop":{"background-color":"","background-image":"","background-repeat":"repeat","background-position":"center center","background-size":"auto","background-attachment":"scroll","background-type":"","background-media":"","overlay-type":"","overlay-color":"","overlay-opacity":"","overlay-gradient":""},"tablet":{"background-color":"","background-image":"","background-repeat":"repeat","background-position":"center center","background-size":"auto","background-attachment":"scroll","background-type":"","background-media":"","overlay-type":"","overlay-color":"","overlay-opacity":"","overlay-gradient":""},"mobile":{"background-color":"","background-image":"","background-repeat":"repeat","background-position":"center center","background-size":"auto","background-attachment":"scroll","background-type":"","background-media":"","overlay-type":"","overlay-color":"","overlay-opacity":"","overlay-gradient":""}},"ast-content-background-meta":{"desktop":{"background-color":"var(--ast-global-color-4)","background-image":"","background-repeat":"repeat","background-position":"center center","background-size":"auto","background-attachment":"scroll","background-type":"","background-media":"","overlay-type":"","overlay-color":"","overlay-opacity":"","overlay-gradient":""},"tablet":{"background-color":"var(--ast-global-color-4)","background-image":"","background-repeat":"repeat","background-position":"center center","background-size":"auto","background-attachment":"scroll","background-type":"","background-media":"","overlay-type":"","overlay-color":"","overlay-opacity":"","overlay-gradient":""},"mobile":{"background-color":"var(--ast-global-color-4)","background-image":"","background-repeat":"repeat","background-position":"center center","background-size":"auto","background-attachment":"scroll","background-type":"","background-media":"","overlay-type":"","overlay-color":"","overlay-opacity":"","overlay-gradient":""}},"iawp_total_views":32,"footnotes":""},"class_list":["post-433","page","type-page","status-publish","hentry"],"_links":{"self":[{"href":"https:\/\/perumotors.com\/it\/wp-json\/wp\/v2\/pages\/433","targetHints":{"allow":["GET"]}}],"collection":[{"href":"https:\/\/perumotors.com\/it\/wp-json\/wp\/v2\/pages"}],"about":[{"href":"https:\/\/perumotors.com\/it\/wp-json\/wp\/v2\/types\/page"}],"author":[{"embeddable":true,"href":"https:\/\/perumotors.com\/it\/wp-json\/wp\/v2\/users\/1"}],"replies":[{"embeddable":true,"href":"https:\/\/perumotors.com\/it\/wp-json\/wp\/v2\/comments?post=433"}],"version-history":[{"count":2,"href":"https:\/\/perumotors.com\/it\/wp-json\/wp\/v2\/pages\/433\/revisions"}],"predecessor-version":[{"id":5447,"href":"https:\/\/perumotors.com\/it\/wp-json\/wp\/v2\/pages\/433\/revisions\/5447"}],"wp:attachment":[{"href":"https:\/\/perumotors.com\/it\/wp-json\/wp\/v2\/media?parent=433"}],"curies":[{"name":"wp","href":"https:\/\/api.w.org\/{rel}","templated":true}]}}