{"id":435,"date":"2024-07-27T18:18:18","date_gmt":"2024-07-27T18:18:18","guid":{"rendered":"https:\/\/peru.sierinkwp.nl\/moteurs-overperu\/"},"modified":"2025-01-25T11:58:38","modified_gmt":"2025-01-25T11:58:38","slug":"moteurs-overperu","status":"publish","type":"page","link":"https:\/\/perumotors.com\/fr\/moteurs-overperu\/","title":{"rendered":"\u00c0 propos de PeruMotors"},"content":{"rendered":"\t\t<div data-elementor-type=\"wp-page\" data-elementor-id=\"435\" class=\"elementor elementor-435 elementor-428\" data-elementor-post-type=\"page\">\n\t\t\t\t<div class=\"elementor-element elementor-element-88136c7 e-flex e-con-boxed e-con e-parent\" data-id=\"88136c7\" data-element_type=\"container\" data-e-type=\"container\" data-settings=\"{&quot;background_background&quot;:&quot;classic&quot;}\">\n\t\t\t\t\t<div class=\"e-con-inner\">\n\t\t<div class=\"elementor-element elementor-element-ab5edbc e-con-full e-flex e-con e-child\" data-id=\"ab5edbc\" data-element_type=\"container\" data-e-type=\"container\">\n\t\t\t\t<div class=\"elementor-element elementor-element-123762f elementor-widget elementor-widget-heading\" data-id=\"123762f\" data-element_type=\"widget\" data-e-type=\"widget\" data-widget_type=\"heading.default\">\n\t\t\t\t\t<h2 class=\"elementor-heading-title elementor-size-default\"><span>\u00c0 propos de<\/span>PeruMotors  <\/h2>\t\t\t\t<\/div>\n\t\t\t\t<div class=\"elementor-element elementor-element-4d6b77e elementor-widget elementor-widget-text-editor\" data-id=\"4d6b77e\" data-element_type=\"widget\" data-e-type=\"widget\" data-widget_type=\"text-editor.default\">\n\t\t\t\t\t\t\t\t\t<p>PeruMotors SRL a d\u00e9but\u00e9 en 2004 en tant qu&rsquo;entreprise artisanale de voyages \u00e0 moto par et pour des passionn\u00e9s de moto.<br \/>\nAujourd&rsquo;hui, PeruMotors est l&rsquo;un des principaux organisateurs de voyages \u00e0 moto en Am\u00e9rique du Sud.  Et la plus grande soci\u00e9t\u00e9 de location de motos BMW du P\u00e9rou. Toujours sous gestion n\u00e9erlandaise.<\/p>\n<p>En 2010, PeruMotors est devenu un \u00ab\u00a0partenaire officiel de BMW Motorrad\u00a0\u00bb.<\/p>\n<p>Nous sommes sp\u00e9cialis\u00e9s dans :<\/p>\n<ul>\n<li>Excursions guid\u00e9es \u00e0 moto dans le monde entier<\/li>\n<li>Circuits autoguid\u00e9s en moto au P\u00e9rou<\/li>\n<li>Location de motos au P\u00e9rou<\/li>\n<li>Excursions en 4\u00d74 (autoguid\u00e9es)<\/li>\n<\/ul>\n<p>&#8230; et toute combinaison possible de ces services.<\/p>\n<p>PeruMotors dispose d&rsquo;une flotte moderne de plus de 50 motos :<br \/>&#8211; BMW Motorrad,<br \/>&#8211; Honda,<br \/>&#8211; Kawasaki.<br \/>Compl\u00e9t\u00e9 par 3 v\u00e9hicules de soutien avec 2 remorques pour motos.<\/p>\n<p>Notre atelier moto priv\u00e9 est \u00e9galement situ\u00e9 dans la ville d&rsquo;Arequipa.<\/p>\n\t\t\t\t\t\t\t\t<\/div>\n\t\t\t\t<\/div>\n\t\t<div class=\"elementor-element elementor-element-380f3cc e-con-full e-flex e-con e-child\" data-id=\"380f3cc\" data-element_type=\"container\" data-e-type=\"container\">\n\t\t<div class=\"elementor-element elementor-element-24f5a4a e-flex e-con-boxed e-con e-child\" data-id=\"24f5a4a\" data-element_type=\"container\" data-e-type=\"container\" data-settings=\"{&quot;background_background&quot;:&quot;classic&quot;}\">\n\t\t\t\t\t<div class=\"e-con-inner\">\n\t\t\t\t\t<\/div>\n\t\t\t\t<\/div>\n\t\t\t\t<\/div>\n\t\t\t\t\t<\/div>\n\t\t\t\t<\/div>\n\t\t<div class=\"elementor-element elementor-element-ef44500 e-flex e-con-boxed e-con e-parent\" data-id=\"ef44500\" data-element_type=\"container\" data-e-type=\"container\">\n\t\t\t\t\t<div class=\"e-con-inner\">\n\t\t<div class=\"elementor-element elementor-element-59a590f e-con-full e-flex e-con e-child\" data-id=\"59a590f\" data-element_type=\"container\" data-e-type=\"container\">\n\t\t<div class=\"elementor-element elementor-element-35fd5f0 e-con-full e-flex e-con e-child\" data-id=\"35fd5f0\" data-element_type=\"container\" data-e-type=\"container\">\n\t\t\t\t<div class=\"elementor-element elementor-element-0639c4d elementor-widget elementor-widget-text-editor\" data-id=\"0639c4d\" data-element_type=\"widget\" data-e-type=\"widget\" data-widget_type=\"text-editor.default\">\n\t\t\t\t\t\t\t\t\t<p>Outre nos propres activit\u00e9s de tourisme, nous proposons nos services \u00e0 un certain nombre de voyagistes sp\u00e9cialis\u00e9s dans les voyages \u00e0 moto dans le monde entier : \u00c9tats-Unis, Canada, Pays-Bas, Autriche, Br\u00e9sil, Allemagne, Royaume-Uni, Australie et Nouvelle-Z\u00e9lande.<br \/>Nous avons commenc\u00e9 par des circuits au P\u00e9rou et en Bolivie.<br \/>\nAujourd&rsquo;hui, nous organisons des circuits dans les pays que vous voyez \u00e0 droite.<br \/>Nos \u00ab\u00a0Specials\u00a0\u00bb aux \u00c9tats-Unis, au Canada, en Europe et en Nouvelle-Z\u00e9lande sont reconnus par l&rsquo;industrie du tourisme comme de v\u00e9ritables aventures dans un cadre informel. <\/p>\n<p>Les deux fondateurs (Lars Caldenhoven et Geert Boeder) g\u00e8rent toujours les op\u00e9rations quotidiennes \u00e0 Arequipa.<br \/>\nIls sont tous deux les guides professionnels de PeruMotors. <\/p>\n<p>Si\u00e8ge \u00e0 Arequipa, au sud du P\u00e9rou.<br \/>En 2019, PeruMotors a accueilli plus de 350 motards et touristes en 4&#215;4.<\/p>\n\t\t\t\t\t\t\t\t<\/div>\n\t\t\t\t<\/div>\n\t\t\t\t<\/div>\n\t\t<div class=\"elementor-element elementor-element-8f3d8f7 e-con-full e-flex e-con e-child\" data-id=\"8f3d8f7\" data-element_type=\"container\" data-e-type=\"container\">\n\t\t<div class=\"elementor-element elementor-element-41364d9 e-con-full e-flex e-con e-child\" data-id=\"41364d9\" data-element_type=\"container\" data-e-type=\"container\" data-settings=\"{&quot;background_background&quot;:&quot;classic&quot;}\">\n\t\t\t\t<div class=\"elementor-element elementor-element-821a1c9 elementor-widget elementor-widget-heading\" data-id=\"821a1c9\" data-element_type=\"widget\" data-e-type=\"widget\" data-widget_type=\"heading.default\">\n\t\t\t\t\t<h3 class=\"elementor-heading-title elementor-size-default\">Contrairement \u00e0 ce que notre nom sugg\u00e8re, nous vous emmenons aujourd'hui en visite guid\u00e9e dans.. :<\/h3>\t\t\t\t<\/div>\n\t\t\t\t<div class=\"elementor-element elementor-element-72bc276 elementor-widget elementor-widget-text-editor\" data-id=\"72bc276\" data-element_type=\"widget\" data-e-type=\"widget\" data-widget_type=\"text-editor.default\">\n\t\t\t\t\t\t\t\t\t<ul>\n<li>P\u00e9rou<\/li>\n<li>Bolivie<\/li>\n<li>Chili<\/li>\n<li>Argentine<\/li>\n<li>\u00c9quateur<\/li>\n<li>\u00c9TATS-UNIS<\/li>\n<li>Canada<\/li>\n<li>Mexique<\/li>\n<li>L&rsquo;Europe<\/li>\n<li>Nouvelle-Z\u00e9lande<\/li>\n<\/ul>\n\t\t\t\t\t\t\t\t<\/div>\n\t\t\t\t<\/div>\n\t\t\t\t<\/div>\n\t\t\t\t\t<\/div>\n\t\t\t\t<\/div>\n\t\t<div class=\"elementor-element elementor-element-3bfd15b e-flex e-con-boxed e-con e-parent\" data-id=\"3bfd15b\" data-element_type=\"container\" data-e-type=\"container\">\n\t\t\t\t\t<div class=\"e-con-inner\">\n\t\t<div class=\"elementor-element elementor-element-64f3379 e-con-full e-flex e-con e-child\" data-id=\"64f3379\" data-element_type=\"container\" data-e-type=\"container\">\n\t\t\t\t<div class=\"elementor-element elementor-element-911cb39 elementor-widget elementor-widget-image\" data-id=\"911cb39\" data-element_type=\"widget\" data-e-type=\"widget\" data-widget_type=\"image.default\">\n\t\t\t\t\t\t\t\t\t\t\t\t\t\t\t<img fetchpriority=\"high\" decoding=\"async\" width=\"501\" height=\"501\" src=\"https:\/\/perumotors.com\/wp-content\/uploads\/2024\/07\/image-29.png\" class=\"attachment-large size-large wp-image-445\" alt=\"\" srcset=\"https:\/\/perumotors.com\/wp-content\/uploads\/2024\/07\/image-29.png 501w, https:\/\/perumotors.com\/wp-content\/uploads\/2024\/07\/image-29-350x350.png 350w, https:\/\/perumotors.com\/wp-content\/uploads\/2024\/07\/image-29-200x200.png 200w\" sizes=\"(max-width: 501px) 100vw, 501px\" \/>\t\t\t\t\t\t\t\t\t\t\t\t\t\t\t<\/div>\n\t\t\t\t<\/div>\n\t\t<div class=\"elementor-element elementor-element-0d51d1f e-con-full e-flex e-con e-child\" data-id=\"0d51d1f\" data-element_type=\"container\" data-e-type=\"container\">\n\t\t\t\t<div class=\"elementor-element elementor-element-32cdd55 elementor-widget elementor-widget-heading\" data-id=\"32cdd55\" data-element_type=\"widget\" data-e-type=\"widget\" data-widget_type=\"heading.default\">\n\t\t\t\t\t<h2 class=\"elementor-heading-title elementor-size-default\">Fondateurs de PeruMotors<\/h2>\t\t\t\t<\/div>\n\t\t\t\t<div class=\"elementor-element elementor-element-c00668a elementor-widget elementor-widget-text-editor\" data-id=\"c00668a\" data-element_type=\"widget\" data-e-type=\"widget\" data-widget_type=\"text-editor.default\">\n\t\t\t\t\t\t\t\t\t<p>Geert Boeder &amp; Lars Caldenhoven<\/p>\n\t\t\t\t\t\t\t\t<\/div>\n\t\t\t\t<div class=\"elementor-element elementor-element-b67c86f elementor-widget elementor-widget-heading\" data-id=\"b67c86f\" data-element_type=\"widget\" data-e-type=\"widget\" data-widget_type=\"heading.default\">\n\t\t\t\t\t<h2 class=\"elementor-heading-title elementor-size-default\">L'\u00e9quipage<\/h2>\t\t\t\t<\/div>\n\t\t\t\t<div class=\"elementor-element elementor-element-6a314a3 elementor-widget elementor-widget-text-editor\" data-id=\"6a314a3\" data-element_type=\"widget\" data-e-type=\"widget\" data-widget_type=\"text-editor.default\">\n\t\t\t\t\t\t\t\t\t<ul>\n<li>2 guides professionnels (\u00e0 moto)<\/li>\n<li>2 m\u00e9caniciens moto \u00e0 temps plein<\/li>\n<li>1 Comptable<\/li>\n<li>2 Guides ind\u00e9pendants, et<\/li>\n<li>2 chauffeurs\/m\u00e9caniciens ind\u00e9pendants<\/li>\n<\/ul>\n<p>La plupart des guides de PeruMotors parlent couramment l&rsquo;espagnol, l&rsquo;anglais, le n\u00e9erlandais et des rudiments d&rsquo;allemand.<\/p>\n\t\t\t\t\t\t\t\t<\/div>\n\t\t\t\t<\/div>\n\t\t\t\t\t<\/div>\n\t\t\t\t<\/div>\n\t\t<div class=\"elementor-element elementor-element-f4bba4e e-flex e-con-boxed e-con e-parent\" data-id=\"f4bba4e\" data-element_type=\"container\" data-e-type=\"container\">\n\t\t\t\t\t<div class=\"e-con-inner\">\n\t\t<div class=\"elementor-element elementor-element-8779613 e-con-full e-flex e-con e-child\" data-id=\"8779613\" data-element_type=\"container\" data-e-type=\"container\">\n\t\t\t\t<div class=\"elementor-element elementor-element-055d5b1 elementor-widget elementor-widget-heading\" data-id=\"055d5b1\" data-element_type=\"widget\" data-e-type=\"widget\" data-widget_type=\"heading.default\">\n\t\t\t\t\t<h2 class=\"elementor-heading-title elementor-size-default\">L'\u00e9quipe de PeruMotors<\/h2>\t\t\t\t<\/div>\n\t\t\t\t<div class=\"elementor-element elementor-element-a08fa35 elementor-widget elementor-widget-text-editor\" data-id=\"a08fa35\" data-element_type=\"widget\" data-e-type=\"widget\" data-widget_type=\"text-editor.default\">\n\t\t\t\t\t\t\t\t\t<p><strong>Eduardo<\/strong> (photo du haut \u00e0 droite)<br \/>Travaille comme guide touristique ind\u00e9pendant \u00e0 moto et comme chauffeur\/m\u00e9canicien sur les circuits)<\/p>\n<p><strong>Carlos<\/strong> (premier \u00e0 partir de la gauche)<br \/>Notre chef m\u00e9canicien<\/p>\n<p><strong>Mauricio<\/strong> (troisi\u00e8me \u00e0 partir de la droite)<br \/>M\u00e9canicien\/chauffeur<\/p>\n<p><strong>Marisa<\/strong> (troisi\u00e8me \u00e0 partir de la gauche)<br \/>Finance\/comptable<\/p>\n<p><strong>Edi<\/strong> (deuxi\u00e8me \u00e0 partir de la droite)<br \/>Depuis de nombreuses ann\u00e9es, Edi est notre m\u00e9canicien\/chauffeur ind\u00e9pendant bien connu lors des tourn\u00e9es.<\/p>\n\t\t\t\t\t\t\t\t<\/div>\n\t\t\t\t<\/div>\n\t\t<div class=\"elementor-element elementor-element-bff27e3 e-con-full e-flex e-con e-child\" data-id=\"bff27e3\" data-element_type=\"container\" data-e-type=\"container\">\n\t\t\t\t<div class=\"elementor-element elementor-element-0bd2ba2 elementor-widget elementor-widget-image\" data-id=\"0bd2ba2\" data-element_type=\"widget\" data-e-type=\"widget\" data-widget_type=\"image.default\">\n\t\t\t\t\t\t\t\t\t\t\t\t\t\t\t<img decoding=\"async\" width=\"530\" height=\"600\" src=\"https:\/\/perumotors.com\/wp-content\/uploads\/2024\/07\/image-30-530x600.png\" class=\"attachment-large size-large wp-image-451\" alt=\"\" srcset=\"https:\/\/perumotors.com\/wp-content\/uploads\/2024\/07\/image-30-530x600.png 530w, https:\/\/perumotors.com\/wp-content\/uploads\/2024\/07\/image-30-309x350.png 309w, https:\/\/perumotors.com\/wp-content\/uploads\/2024\/07\/image-30.png 605w\" sizes=\"(max-width: 530px) 100vw, 530px\" \/>\t\t\t\t\t\t\t\t\t\t\t\t\t\t\t<\/div>\n\t\t\t\t<\/div>\n\t\t\t\t\t<\/div>\n\t\t\t\t<\/div>\n\t\t\t\t<\/div>\n\t\t","protected":false},"excerpt":{"rendered":"<p>\u00c0 propos dePeruMotors PeruMotors SRL a d\u00e9but\u00e9 en 2004 en tant qu&rsquo;entreprise artisanale de voyages \u00e0 moto par et pour des passionn\u00e9s de moto. Aujourd&rsquo;hui, PeruMotors est l&rsquo;un des principaux organisateurs de voyages \u00e0 moto en Am\u00e9rique du Sud. Et la plus grande soci\u00e9t\u00e9 de location de motos BMW du P\u00e9rou. Toujours sous gestion n\u00e9erlandaise. [&hellip;]<\/p>\n","protected":false},"author":1,"featured_media":0,"parent":0,"menu_order":0,"comment_status":"closed","ping_status":"closed","template":"","meta":{"_seopress_robots_primary_cat":"","_seopress_titles_title":"","_seopress_titles_desc":"","_seopress_robots_index":"","site-sidebar-layout":"no-sidebar","site-content-layout":"page-builder","ast-site-content-layout":"full-width-container","site-content-style":"default","site-sidebar-style":"default","ast-global-header-display":"","ast-banner-title-visibility":"","ast-main-header-display":"","ast-hfb-above-header-display":"","ast-hfb-below-header-display":"","ast-hfb-mobile-header-display":"","site-post-title":"disabled","ast-breadcrumbs-content":"","ast-featured-img":"disabled","footer-sml-layout":"","ast-disable-related-posts":"","theme-transparent-header-meta":"default","adv-header-id-meta":"","stick-header-meta":"default","header-above-stick-meta":"","header-main-stick-meta":"","header-below-stick-meta":"","astra-migrate-meta-layouts":"set","ast-page-background-enabled":"default","ast-page-background-meta":{"desktop":{"background-color":"","background-image":"","background-repeat":"repeat","background-position":"center center","background-size":"auto","background-attachment":"scroll","background-type":"","background-media":"","overlay-type":"","overlay-color":"","overlay-opacity":"","overlay-gradient":""},"tablet":{"background-color":"","background-image":"","background-repeat":"repeat","background-position":"center center","background-size":"auto","background-attachment":"scroll","background-type":"","background-media":"","overlay-type":"","overlay-color":"","overlay-opacity":"","overlay-gradient":""},"mobile":{"background-color":"","background-image":"","background-repeat":"repeat","background-position":"center center","background-size":"auto","background-attachment":"scroll","background-type":"","background-media":"","overlay-type":"","overlay-color":"","overlay-opacity":"","overlay-gradient":""}},"ast-content-background-meta":{"desktop":{"background-color":"var(--ast-global-color-4)","background-image":"","background-repeat":"repeat","background-position":"center center","background-size":"auto","background-attachment":"scroll","background-type":"","background-media":"","overlay-type":"","overlay-color":"","overlay-opacity":"","overlay-gradient":""},"tablet":{"background-color":"var(--ast-global-color-4)","background-image":"","background-repeat":"repeat","background-position":"center center","background-size":"auto","background-attachment":"scroll","background-type":"","background-media":"","overlay-type":"","overlay-color":"","overlay-opacity":"","overlay-gradient":""},"mobile":{"background-color":"var(--ast-global-color-4)","background-image":"","background-repeat":"repeat","background-position":"center center","background-size":"auto","background-attachment":"scroll","background-type":"","background-media":"","overlay-type":"","overlay-color":"","overlay-opacity":"","overlay-gradient":""}},"iawp_total_views":25,"footnotes":""},"class_list":["post-435","page","type-page","status-publish","hentry"],"_links":{"self":[{"href":"https:\/\/perumotors.com\/fr\/wp-json\/wp\/v2\/pages\/435","targetHints":{"allow":["GET"]}}],"collection":[{"href":"https:\/\/perumotors.com\/fr\/wp-json\/wp\/v2\/pages"}],"about":[{"href":"https:\/\/perumotors.com\/fr\/wp-json\/wp\/v2\/types\/page"}],"author":[{"embeddable":true,"href":"https:\/\/perumotors.com\/fr\/wp-json\/wp\/v2\/users\/1"}],"replies":[{"embeddable":true,"href":"https:\/\/perumotors.com\/fr\/wp-json\/wp\/v2\/comments?post=435"}],"version-history":[{"count":2,"href":"https:\/\/perumotors.com\/fr\/wp-json\/wp\/v2\/pages\/435\/revisions"}],"predecessor-version":[{"id":5441,"href":"https:\/\/perumotors.com\/fr\/wp-json\/wp\/v2\/pages\/435\/revisions\/5441"}],"wp:attachment":[{"href":"https:\/\/perumotors.com\/fr\/wp-json\/wp\/v2\/media?parent=435"}],"curies":[{"name":"wp","href":"https:\/\/api.w.org\/{rel}","templated":true}]}}