{"id":155,"date":"2021-01-15T11:49:32","date_gmt":"2021-01-15T11:49:32","guid":{"rendered":"https:\/\/peru.sierinkwp.nl\/accueil\/"},"modified":"2026-04-02T16:59:58","modified_gmt":"2026-04-02T16:59:58","slug":"accueil","status":"publish","type":"page","link":"https:\/\/perumotors.com\/fr\/","title":{"rendered":"Accueil"},"content":{"rendered":"\t\t<div data-elementor-type=\"wp-page\" data-elementor-id=\"155\" class=\"elementor elementor-155 elementor-2\" data-elementor-post-type=\"page\">\n\t\t\t\t<div class=\"elementor-element elementor-element-0acdb6f e-con-full e-flex e-con e-parent\" data-id=\"0acdb6f\" data-element_type=\"container\" data-e-type=\"container\" data-settings=\"{&quot;background_background&quot;:&quot;classic&quot;}\">\n\t\t<div class=\"elementor-element elementor-element-1e6ce5e e-flex e-con-boxed e-con e-child\" data-id=\"1e6ce5e\" data-element_type=\"container\" data-e-type=\"container\">\n\t\t\t\t\t<div class=\"e-con-inner\">\n\t\t\t\t<div class=\"elementor-element elementor-element-6b9cf2f elementor-widget elementor-widget-heading\" data-id=\"6b9cf2f\" data-element_type=\"widget\" data-e-type=\"widget\" data-widget_type=\"heading.default\">\n\t\t\t\t\t<h1 class=\"elementor-heading-title elementor-size-default\">PeruMotors <span>- Rouler avec l'exp\u00e9rience<\/span><\/h1>\t\t\t\t<\/div>\n\t\t\t\t<div class=\"elementor-element elementor-element-6dcf043 elementor-align-center elementor-widget elementor-widget-button\" data-id=\"6dcf043\" data-element_type=\"widget\" data-e-type=\"widget\" data-widget_type=\"button.default\">\n\t\t\t\t\t\t\t\t\t\t<a class=\"elementor-button elementor-button-link elementor-size-sm\" href=\"https:\/\/perumotors.com\/fr\/calendrier-des-tournees\/\">\n\t\t\t\t\t\t<span class=\"elementor-button-content-wrapper\">\n\t\t\t\t\t\t\t\t\t<span class=\"elementor-button-text\">Calendrier des tourn\u00e9es 2026 \/ 2027<\/span>\n\t\t\t\t\t<\/span>\n\t\t\t\t\t<\/a>\n\t\t\t\t\t\t\t\t<\/div>\n\t\t\t\t\t<\/div>\n\t\t\t\t<\/div>\n\t\t\t\t<\/div>\n\t\t<div class=\"elementor-element elementor-element-382d641 e-flex e-con-boxed e-con e-parent\" data-id=\"382d641\" data-element_type=\"container\" data-e-type=\"container\">\n\t\t\t\t\t<div class=\"e-con-inner\">\n\t\t<a class=\"elementor-element elementor-element-ea7675b e-con-full e-flex e-con e-child\" data-id=\"ea7675b\" data-element_type=\"container\" data-e-type=\"container\" data-settings=\"{&quot;background_background&quot;:&quot;classic&quot;}\" href=\"https:\/\/perumotors.com\/fr\/voyages-guides-en-moto-au-perou\/\">\n\t\t\t\t<div class=\"elementor-element elementor-element-3f652bd elementor-widget__width-initial elementor-widget elementor-widget-heading\" data-id=\"3f652bd\" data-element_type=\"widget\" data-e-type=\"widget\" data-widget_type=\"heading.default\">\n\t\t\t\t\t<h2 class=\"elementor-heading-title elementor-size-default\">Circuits guid\u00e9s pour motocyclistes<\/h2>\t\t\t\t<\/div>\n\t\t\t\t<\/a>\n\t\t<a class=\"elementor-element elementor-element-4578e12 e-con-full e-flex e-con e-child\" data-id=\"4578e12\" data-element_type=\"container\" data-e-type=\"container\" data-settings=\"{&quot;background_background&quot;:&quot;classic&quot;}\" href=\"https:\/\/perumotors.com\/fr\/perou-circuits-autoguides-en-moto\/\">\n\t\t\t\t<div class=\"elementor-element elementor-element-6d0b542 elementor-widget__width-initial elementor-widget elementor-widget-heading\" data-id=\"6d0b542\" data-element_type=\"widget\" data-e-type=\"widget\" data-widget_type=\"heading.default\">\n\t\t\t\t\t<h2 class=\"elementor-heading-title elementor-size-default\">Circuits autoguid\u00e9s pour motocyclistes<\/h2>\t\t\t\t<\/div>\n\t\t\t\t<\/a>\n\t\t<a class=\"elementor-element elementor-element-7535b6b e-con-full e-flex e-con e-child\" data-id=\"7535b6b\" data-element_type=\"container\" data-e-type=\"container\" data-settings=\"{&quot;background_background&quot;:&quot;classic&quot;}\" href=\"https:\/\/perumotors.com\/fr\/location-de-motos-perou\/\">\n\t\t\t\t<div class=\"elementor-element elementor-element-c551c9b elementor-widget elementor-widget-heading\" data-id=\"c551c9b\" data-element_type=\"widget\" data-e-type=\"widget\" data-widget_type=\"heading.default\">\n\t\t\t\t\t<h2 class=\"elementor-heading-title elementor-size-default\">Location de motos<\/h2>\t\t\t\t<\/div>\n\t\t\t\t<\/a>\n\t\t<a class=\"elementor-element elementor-element-95a1ae4 e-con-full e-flex e-con e-child\" data-id=\"95a1ae4\" data-element_type=\"container\" data-e-type=\"container\" data-settings=\"{&quot;background_background&quot;:&quot;classic&quot;}\" href=\"https:\/\/peru-self-drive.com\" target=\"_blank\">\n\t\t\t\t<div class=\"jet-satellite-widget elementor-element elementor-element-5dfefb8 elementor-widget__width-inherit elementor-widget elementor-widget-heading\" data-jet-tricks-settings=\"{&quot;satellite&quot;:&quot;true&quot;,&quot;satelliteType&quot;:&quot;image&quot;,&quot;satellitePosition&quot;:&quot;top-right&quot;}\" data-id=\"5dfefb8\" data-element_type=\"widget\" data-e-type=\"widget\" data-widget_type=\"heading.default\">\n\t\t\t\t\t<div class=\"jet-tricks-satellite jet-tricks-satellite--top-right\"><div class=\"jet-tricks-satellite__inner\"><div class=\"jet-tricks-satellite__image\"><img decoding=\"async\" class=\"jet-tricks-satellite__image-instance\" src=\"https:\/\/perumotors.com\/wp-content\/uploads\/2025\/05\/25-Anos-2.png\" alt=\"\"><\/div><\/div><\/div><h2 class=\"elementor-heading-title elementor-size-default\">P\u00e9rou en autotour<\/h2>\t\t\t\t<\/div>\n\t\t\t\t<\/a>\n\t\t\t\t\t<\/div>\n\t\t\t\t<\/div>\n\t\t<div class=\"elementor-element elementor-element-f4b1423 e-flex e-con-boxed e-con e-parent\" data-id=\"f4b1423\" data-element_type=\"container\" data-e-type=\"container\" data-settings=\"{&quot;background_background&quot;:&quot;classic&quot;}\">\n\t\t\t\t\t<div class=\"e-con-inner\">\n\t\t<div class=\"elementor-element elementor-element-483db87 e-con-full e-flex e-con e-child\" data-id=\"483db87\" data-element_type=\"container\" data-e-type=\"container\">\n\t\t<div class=\"elementor-element elementor-element-e9d4b24 e-con-full e-flex e-con e-child\" data-id=\"e9d4b24\" data-element_type=\"container\" data-e-type=\"container\" data-settings=\"{&quot;background_background&quot;:&quot;classic&quot;}\">\n\t\t\t\t<div class=\"elementor-element elementor-element-d1a122c rondehoek elementor-widget elementor-widget-jet-engine-maps-listing\" data-id=\"d1a122c\" data-element_type=\"widget\" data-e-type=\"widget\" data-widget_type=\"jet-engine-maps-listing.default\">\n\t\t\t\t\t<div class=\"jet-map-listing jet-listing-grid--753 popup-has-pin google-provider\" data-init=\"{&quot;zoomControl&quot;:true,&quot;fullscreenControl&quot;:true,&quot;streetViewControl&quot;:false,&quot;mapTypeControl&quot;:false}\" data-markers=\"[{&quot;id&quot;:1794,&quot;latLang&quot;:{&quot;lat&quot;:-13.1632488,&quot;lng&quot;:-72.5451621},&quot;label&quot;:false,&quot;custom_marker&quot;:false,&quot;geo_query_distance&quot;:-1},{&quot;id&quot;:1802,&quot;latLang&quot;:{&quot;lat&quot;:-54.8019321,&quot;lng&quot;:-68.3029011},&quot;label&quot;:false,&quot;custom_marker&quot;:false,&quot;geo_query_distance&quot;:-1},{&quot;id&quot;:2151,&quot;latLang&quot;:{&quot;lat&quot;:-12.5808549,&quot;lng&quot;:-69.2032925},&quot;label&quot;:false,&quot;custom_marker&quot;:false,&quot;geo_query_distance&quot;:-1},{&quot;id&quot;:7147,&quot;latLang&quot;:{&quot;lat&quot;:-16.4057101,&quot;lng&quot;:-71.54015940000001},&quot;label&quot;:false,&quot;custom_marker&quot;:false,&quot;geo_query_distance&quot;:-1},{&quot;id&quot;:1779,&quot;latLang&quot;:{&quot;lat&quot;:-16.4057701,&quot;lng&quot;:-71.5400494},&quot;label&quot;:false,&quot;custom_marker&quot;:false,&quot;geo_query_distance&quot;:-1},{&quot;id&quot;:2827,&quot;latLang&quot;:{&quot;lat&quot;:49.750096899999996,&quot;lng&quot;:6.637179000000001},&quot;label&quot;:false,&quot;custom_marker&quot;:false,&quot;geo_query_distance&quot;:-1},{&quot;id&quot;:1609,&quot;latLang&quot;:{&quot;lat&quot;:-16.4057701,&quot;lng&quot;:-71.5401894},&quot;label&quot;:false,&quot;custom_marker&quot;:false,&quot;geo_query_distance&quot;:-1},{&quot;id&quot;:2667,&quot;latLang&quot;:{&quot;lat&quot;:21.161878,&quot;lng&quot;:-86.85160789999999},&quot;label&quot;:false,&quot;custom_marker&quot;:false,&quot;geo_query_distance&quot;:-1},{&quot;id&quot;:2615,&quot;latLang&quot;:{&quot;lat&quot;:-43.5319401,&quot;lng&quot;:172.636548},&quot;label&quot;:false,&quot;custom_marker&quot;:false,&quot;geo_query_distance&quot;:-1},{&quot;id&quot;:2734,&quot;latLang&quot;:{&quot;lat&quot;:-13.53185,&quot;lng&quot;:-71.96747260000001},&quot;label&quot;:false,&quot;custom_marker&quot;:false,&quot;geo_query_distance&quot;:-1},{&quot;id&quot;:2698,&quot;latLang&quot;:{&quot;lat&quot;:-16.489669,&quot;lng&quot;:-68.11930360000001},&quot;label&quot;:false,&quot;custom_marker&quot;:false,&quot;geo_query_distance&quot;:-1},{&quot;id&quot;:2752,&quot;latLang&quot;:{&quot;lat&quot;:61.2176758,&quot;lng&quot;:-149.8995985},&quot;label&quot;:false,&quot;custom_marker&quot;:false,&quot;geo_query_distance&quot;:-1}]\" data-general=\"{&quot;api&quot;:&quot;https:\\\/\\\/perumotors.com\\\/fr\\\/wp-json\\\/jet-engine\\\/v2\\\/get-map-marker-info\\\/&quot;,&quot;restNonce&quot;:&quot;a41ba2476c&quot;,&quot;listingID&quot;:753,&quot;source&quot;:&quot;posts&quot;,&quot;width&quot;:300,&quot;offset&quot;:0,&quot;clustererImg&quot;:&quot;https:\\\/\\\/perumotors.com\\\/wp-content\\\/plugins\\\/jet-engine\\\/includes\\\/modules\\\/maps-listings\\\/assets\\\/lib\\\/markerclustererplus\\\/img\\\/m&quot;,&quot;marker&quot;:{&quot;type&quot;:&quot;icon&quot;,&quot;html&quot;:&quot;&lt;div class=\\&quot;jet-map-marker jet-map-marker-default apply-fill is-svg-icon\\&quot;&gt;&lt;svg class=\\&quot;e-font-icon-svg e-fas-map-marker-alt\\&quot; aria-hidden=\\&quot;true\\&quot; viewBox=\\&quot;0 0 384 512\\&quot; xmlns=\\&quot;http:\\\/\\\/www.w3.org\\\/2000\\\/svg\\&quot;&gt;&lt;path d=\\&quot;M172.268 501.67C26.97 291.031 0 269.413 0 192 0 85.961 85.961 0 192 0s192 85.961 192 192c0 77.413-26.97 99.031-172.268 309.67-9.535 13.774-29.93 13.773-39.464 0zM192 272c44.183 0 80-35.817 80-80s-35.817-80-80-80-80 35.817-80 80 35.817 80 80 80z\\&quot;&gt;&lt;\\\/path&gt;&lt;\\\/svg&gt;&lt;\\\/div&gt;&quot;},&quot;autoCenter&quot;:true,&quot;maxZoom&quot;:14,&quot;minZoom&quot;:1,&quot;customCenter&quot;:false,&quot;customZoom&quot;:11,&quot;popupPreloader&quot;:true,&quot;querySeparator&quot;:&quot;?&quot;,&quot;markerClustering&quot;:true,&quot;customClusterImg&quot;:[],&quot;clusterMaxZoom&quot;:&quot;&quot;,&quot;clusterRadius&quot;:10,&quot;popupOpenOn&quot;:&quot;hover&quot;,&quot;centeringOnOpen&quot;:false,&quot;zoomOnOpen&quot;:false,&quot;advanced&quot;:{&quot;zoom_control&quot;:&quot;auto&quot;},&quot;user_location_enabled&quot;:false,&quot;user_location_marker&quot;:false,&quot;user_location_label&quot;:&quot;&quot;}\" data-listing-source=\"query\" data-query-id=\"2\" data-queried-id=\"155|WP_Post\"><\/div>\t\t\t\t<\/div>\n\t\t\t\t<\/div>\n\t\t<div class=\"elementor-element elementor-element-7c66dfb e-con-full e-flex e-con e-child\" data-id=\"7c66dfb\" data-element_type=\"container\" data-e-type=\"container\" data-settings=\"{&quot;background_background&quot;:&quot;classic&quot;}\">\n\t\t\t\t<div class=\"elementor-element elementor-element-83fb253 elementor-widget elementor-widget-heading\" data-id=\"83fb253\" data-element_type=\"widget\" data-e-type=\"widget\" data-widget_type=\"heading.default\">\n\t\t\t\t\t<h2 class=\"elementor-heading-title elementor-size-default\">Visualisez nos circuits sur la carte du monde<\/h2>\t\t\t\t<\/div>\n\t\t\t\t<div class=\"elementor-element elementor-element-0d8d3d3 elementor-widget elementor-widget-heading\" data-id=\"0d8d3d3\" data-element_type=\"widget\" data-e-type=\"widget\" data-widget_type=\"heading.default\">\n\t\t\t\t\t<h3 class=\"elementor-heading-title elementor-size-default\">PeruMotors - <span>Plus que le P\u00e9rou !<\/span><\/h3>\t\t\t\t<\/div>\n\t\t<div class=\"elementor-element elementor-element-82d3bde e-con-full e-flex e-con e-child\" data-id=\"82d3bde\" data-element_type=\"container\" data-e-type=\"container\">\n\t\t\t\t<div class=\"elementor-element elementor-element-0f8a1b0 elementor-widget elementor-widget-text-editor\" data-id=\"0f8a1b0\" data-element_type=\"widget\" data-e-type=\"widget\" data-widget_type=\"text-editor.default\">\n\t\t\t\t\t\t\t\t\t<p>Depuis sa cr\u00e9ation en 2004, PeruMotors a d\u00e9pass\u00e9 ses fronti\u00e8res. Contrairement \u00e0 ce que notre nom sugg\u00e8re, nous vous emmenons aujourd&rsquo;hui en visite guid\u00e9e dans.. :<\/p><ul><li>P\u00e9rou<\/li><li>Bolivie<\/li><li>Chili<\/li><li>Argentine<\/li><li>\u00c9quateur<\/li><li>Patagonie<\/li><li>Mexique<\/li><li>\u00c9TATS-UNIS<\/li><li>Canada<\/li><li>L&rsquo;Europe<\/li><li>Tha\u00eflande<\/li><li>Nouvelle-Z\u00e9lande<\/li><\/ul><p><strong>Cliquez sur les marqueurs orange qui vous int\u00e9ressent sur la carte.<\/strong><\/p>\t\t\t\t\t\t\t\t<\/div>\n\t\t\t\t<\/div>\n\t\t\t\t<\/div>\n\t\t\t\t<\/div>\n\t\t\t\t\t<\/div>\n\t\t\t\t<\/div>\n\t\t<div class=\"elementor-element elementor-element-c40e8a1 e-flex e-con-boxed e-con e-parent\" data-id=\"c40e8a1\" data-element_type=\"container\" data-e-type=\"container\">\n\t\t\t\t\t<div class=\"e-con-inner\">\n\t\t<div class=\"elementor-element elementor-element-0d2ea9a e-con-full e-flex e-con e-child\" data-id=\"0d2ea9a\" data-element_type=\"container\" data-e-type=\"container\">\n\t\t\t\t<div class=\"elementor-element elementor-element-aa1c04c elementor-widget elementor-widget-image\" data-id=\"aa1c04c\" data-element_type=\"widget\" data-e-type=\"widget\" data-widget_type=\"image.default\">\n\t\t\t\t\t\t\t\t\t\t\t\t\t\t\t<img fetchpriority=\"high\" decoding=\"async\" width=\"768\" height=\"576\" src=\"https:\/\/perumotors.com\/wp-content\/uploads\/2024\/07\/60a15729909ba082ccbf81829ff50aaf-768x576.jpeg\" class=\"attachment-medium_large size-medium_large wp-image-227\" alt=\"All the tour guides, mechanics and drivers of PeruMotors\" srcset=\"https:\/\/perumotors.com\/wp-content\/uploads\/2024\/07\/60a15729909ba082ccbf81829ff50aaf-768x576.jpeg 768w, https:\/\/perumotors.com\/wp-content\/uploads\/2024\/07\/60a15729909ba082ccbf81829ff50aaf-350x263.jpeg 350w, https:\/\/perumotors.com\/wp-content\/uploads\/2024\/07\/60a15729909ba082ccbf81829ff50aaf-600x450.jpeg 600w, https:\/\/perumotors.com\/wp-content\/uploads\/2024\/07\/60a15729909ba082ccbf81829ff50aaf.jpeg 800w\" sizes=\"(max-width: 768px) 100vw, 768px\" \/>\t\t\t\t\t\t\t\t\t\t\t\t\t\t\t<\/div>\n\t\t\t\t<\/div>\n\t\t<div class=\"elementor-element elementor-element-17de856 e-con-full e-flex e-con e-child\" data-id=\"17de856\" data-element_type=\"container\" data-e-type=\"container\">\n\t\t<div class=\"elementor-element elementor-element-004fe77 e-flex e-con-boxed e-con e-child\" data-id=\"004fe77\" data-element_type=\"container\" data-e-type=\"container\">\n\t\t\t\t\t<div class=\"e-con-inner\">\n\t\t\t\t<div class=\"elementor-element elementor-element-0061e22 elementor-widget elementor-widget-heading\" data-id=\"0061e22\" data-element_type=\"widget\" data-e-type=\"widget\" data-widget_type=\"heading.default\">\n\t\t\t\t\t<h2 class=\"elementor-heading-title elementor-size-default\">\u00c0 propos de PeruMotors<\/h2>\t\t\t\t<\/div>\n\t\t\t\t<div class=\"elementor-element elementor-element-6c2008a elementor-widget elementor-widget-text-editor\" data-id=\"6c2008a\" data-element_type=\"widget\" data-e-type=\"widget\" data-widget_type=\"text-editor.default\">\n\t\t\t\t\t\t\t\t\t<p>PeruMotors SRL a d\u00e9but\u00e9 en 2004 en tant qu&rsquo;entreprise artisanale de tourisme \u00e0 moto par et pour les passionn\u00e9s de moto. Nous sommes toujours bas\u00e9s dans notre ville natale d&rsquo;Arequipa, dans le sud du P\u00e9rou.<\/p><p>Aujourd&rsquo;hui, PeruMotors est l&rsquo;un des principaux organisateurs de voyages \u00e0 moto en Am\u00e9rique du Sud. Et la plus grande soci\u00e9t\u00e9 de location de motos BMW du P\u00e9rou. En 2010, PeruMotors est devenu un partenaire officiel de BMW Motorrad, sp\u00e9cialis\u00e9 dans le domaine de l&rsquo;automobile :<\/p><ul><li>Excursions guid\u00e9es \u00e0 moto dans le monde entier<\/li><li>Circuits autoguid\u00e9s en moto au P\u00e9rou<\/li><li>Location de motos au P\u00e9rou<\/li><li>(Self-) Guided 4\u00d74 Tours<br>&#8230; et toute combinaison possible de ces services.<\/li><\/ul>\t\t\t\t\t\t\t\t<\/div>\n\t\t\t\t<div class=\"elementor-element elementor-element-17c5e00 elementor-align-left elementor-mobile-align-center elementor-widget elementor-widget-button\" data-id=\"17c5e00\" data-element_type=\"widget\" data-e-type=\"widget\" data-widget_type=\"button.default\">\n\t\t\t\t\t\t\t\t\t\t<a class=\"elementor-button elementor-button-link elementor-size-sm\" href=\"https:\/\/perumotors.com\/fr\/moteurs-overperu\/\">\n\t\t\t\t\t\t<span class=\"elementor-button-content-wrapper\">\n\t\t\t\t\t\t\t\t\t<span class=\"elementor-button-text\">En savoir plus sur nous<\/span>\n\t\t\t\t\t<\/span>\n\t\t\t\t\t<\/a>\n\t\t\t\t\t\t\t\t<\/div>\n\t\t\t\t\t<\/div>\n\t\t\t\t<\/div>\n\t\t\t\t<\/div>\n\t\t\t\t\t<\/div>\n\t\t\t\t<\/div>\n\t\t<div class=\"elementor-element elementor-element-458221a e-flex e-con-boxed e-con e-parent\" data-id=\"458221a\" data-element_type=\"container\" data-e-type=\"container\">\n\t\t\t\t\t<div class=\"e-con-inner\">\n\t\t<div class=\"elementor-element elementor-element-a20005b e-flex e-con-boxed e-con e-child\" data-id=\"a20005b\" data-element_type=\"container\" data-e-type=\"container\" data-settings=\"{&quot;background_background&quot;:&quot;classic&quot;}\">\n\t\t\t\t\t<div class=\"e-con-inner\">\n\t\t<div class=\"elementor-element elementor-element-884a96d e-flex e-con-boxed e-con e-child\" data-id=\"884a96d\" data-element_type=\"container\" data-e-type=\"container\">\n\t\t\t\t\t<div class=\"e-con-inner\">\n\t\t\t\t<div class=\"elementor-element elementor-element-bd97892 elementor-view-default elementor-widget elementor-widget-icon\" data-id=\"bd97892\" data-element_type=\"widget\" data-e-type=\"widget\" data-widget_type=\"icon.default\">\n\t\t\t\t\t\t\t<div class=\"elementor-icon-wrapper\">\n\t\t\t<div class=\"elementor-icon\">\n\t\t\t<svg aria-hidden=\"true\" class=\"e-font-icon-svg e-far-newspaper\" viewBox=\"0 0 576 512\" xmlns=\"http:\/\/www.w3.org\/2000\/svg\"><path d=\"M552 64H112c-20.858 0-38.643 13.377-45.248 32H24c-13.255 0-24 10.745-24 24v272c0 30.928 25.072 56 56 56h496c13.255 0 24-10.745 24-24V88c0-13.255-10.745-24-24-24zM48 392V144h16v248c0 4.411-3.589 8-8 8s-8-3.589-8-8zm480 8H111.422c.374-2.614.578-5.283.578-8V112h416v288zM172 280h136c6.627 0 12-5.373 12-12v-96c0-6.627-5.373-12-12-12H172c-6.627 0-12 5.373-12 12v96c0 6.627 5.373 12 12 12zm28-80h80v40h-80v-40zm-40 140v-24c0-6.627 5.373-12 12-12h136c6.627 0 12 5.373 12 12v24c0 6.627-5.373 12-12 12H172c-6.627 0-12-5.373-12-12zm192 0v-24c0-6.627 5.373-12 12-12h104c6.627 0 12 5.373 12 12v24c0 6.627-5.373 12-12 12H364c-6.627 0-12-5.373-12-12zm0-144v-24c0-6.627 5.373-12 12-12h104c6.627 0 12 5.373 12 12v24c0 6.627-5.373 12-12 12H364c-6.627 0-12-5.373-12-12zm0 72v-24c0-6.627 5.373-12 12-12h104c6.627 0 12 5.373 12 12v24c0 6.627-5.373 12-12 12H364c-6.627 0-12-5.373-12-12z\"><\/path><\/svg>\t\t\t<\/div>\n\t\t<\/div>\n\t\t\t\t\t\t<\/div>\n\t\t\t\t<div class=\"elementor-element elementor-element-306ab60 elementor-align-left elementor-widget elementor-widget-button\" data-id=\"306ab60\" data-element_type=\"widget\" data-e-type=\"widget\" data-widget_type=\"button.default\">\n\t\t\t\t\t\t\t\t\t\t<a class=\"elementor-button elementor-button-link elementor-size-sm\" href=\"https:\/\/mailchi.mp\/perumotors\/april-2026\" target=\"_blank\">\n\t\t\t\t\t\t<span class=\"elementor-button-content-wrapper\">\n\t\t\t\t\t\t\t\t\t<span class=\"elementor-button-text\">Lisez notre derni\u00e8re lettre d'information<\/span>\n\t\t\t\t\t<\/span>\n\t\t\t\t\t<\/a>\n\t\t\t\t\t\t\t\t<\/div>\n\t\t\t\t\t<\/div>\n\t\t\t\t<\/div>\n\t\t<div class=\"elementor-element elementor-element-f55aa6f e-flex e-con-boxed e-con e-child\" data-id=\"f55aa6f\" data-element_type=\"container\" data-e-type=\"container\">\n\t\t\t\t\t<div class=\"e-con-inner\">\n\t\t\t\t<div class=\"elementor-element elementor-element-62a75d4 elementor-mobile-button-align-stretch elementor-button-align-stretch elementor-widget elementor-widget-form\" data-id=\"62a75d4\" data-element_type=\"widget\" data-e-type=\"widget\" data-settings=\"{&quot;step_next_label&quot;:&quot;Suivant&quot;,&quot;step_previous_label&quot;:&quot;Pr\\u00e9c\\u00e9dent&quot;,&quot;button_width&quot;:&quot;33&quot;,&quot;step_type&quot;:&quot;number_text&quot;,&quot;step_icon_shape&quot;:&quot;circle&quot;}\" data-widget_type=\"form.default\">\n\t\t\t\t\t\t\t<form class=\"elementor-form\" method=\"post\" name=\"Nouveau formulaire\" aria-label=\"Nouveau formulaire\">\n\t\t\t<input type=\"hidden\" name=\"post_id\" value=\"155\"\/>\n\t\t\t<input type=\"hidden\" name=\"form_id\" value=\"62a75d4\"\/>\n\t\t\t<input type=\"hidden\" name=\"referer_title\" value=\"\" \/>\n\n\t\t\t\n\t\t\t<div class=\"elementor-form-fields-wrapper elementor-labels-above\">\n\t\t\t\t\t\t\t\t<div class=\"elementor-field-type-email elementor-field-group elementor-column elementor-field-group-email elementor-col-33 elementor-field-required elementor-mark-required\">\n\t\t\t\t\t\t\t\t\t\t\t\t\t<input size=\"1\" type=\"email\" name=\"form_fields[email]\" id=\"form-field-email\" class=\"elementor-field elementor-size-sm  elementor-field-textual\" placeholder=\"Courriel\" required=\"required\">\n\t\t\t\t\t\t\t\t\t\t\t<\/div>\n\t\t\t\t\t\t\t\t<div class=\"elementor-field-type-text elementor-field-group elementor-column elementor-field-group-name elementor-col-33\">\n\t\t\t\t\t\t\t\t\t\t\t\t\t<input size=\"1\" type=\"text\" name=\"form_fields[name]\" id=\"form-field-name\" class=\"elementor-field elementor-size-sm  elementor-field-textual\" placeholder=\"Nom\">\n\t\t\t\t\t\t\t\t\t\t\t<\/div>\n\t\t\t\t\t\t\t\t<div class=\"elementor-field-group elementor-column elementor-field-type-submit elementor-col-33 e-form__buttons\">\n\t\t\t\t\t<button class=\"elementor-button elementor-size-sm\" type=\"submit\">\n\t\t\t\t\t\t<span class=\"elementor-button-content-wrapper\">\n\t\t\t\t\t\t\t\t\t\t\t\t\t\t\t\t\t\t\t\t\t\t<span class=\"elementor-button-text\">S'abonner<\/span>\n\t\t\t\t\t\t\t\t\t\t\t\t\t<\/span>\n\t\t\t\t\t<\/button>\n\t\t\t\t<\/div>\n\t\t\t<\/div>\n\t\t<\/form>\n\t\t\t\t\t\t<\/div>\n\t\t\t\t\t<\/div>\n\t\t\t\t<\/div>\n\t\t\t\t\t<\/div>\n\t\t\t\t<\/div>\n\t\t\t\t\t<\/div>\n\t\t\t\t<\/div>\n\t\t\t\t<\/div>\n\t\t","protected":false},"excerpt":{"rendered":"<p>PeruMotors &#8211; Rouler avec l&rsquo;exp\u00e9rience Calendrier des tourn\u00e9es 2026 \/ 2027 Circuits guid\u00e9s pour motocyclistes Circuits autoguid\u00e9s pour motocyclistes Location de motos P\u00e9rou en autotour Edit query Visualisez nos circuits sur la carte du monde PeruMotors &#8211; Plus que le P\u00e9rou ! Depuis sa cr\u00e9ation en 2004, PeruMotors a d\u00e9pass\u00e9 ses fronti\u00e8res. Contrairement \u00e0 ce [&hellip;]<\/p>\n","protected":false},"author":1,"featured_media":0,"parent":0,"menu_order":0,"comment_status":"closed","ping_status":"closed","template":"","meta":{"_seopress_robots_primary_cat":"","_seopress_titles_title":"PeruMotors-Ride with Experience. Voyages \u00e0 moto dans le monde entier. ","_seopress_titles_desc":"Roulez avec nous au P\u00e9rou, en Patagonie, en Bolivie, aux Etats-Unis, au Canada, au Mexique, en Europe, en Nouvelle-Z\u00e9lande et en Tha\u00eflande. Les circuits les plus abordables de l'industrie. V\u00e9rifiez-le.  ","_seopress_robots_index":"","site-sidebar-layout":"no-sidebar","site-content-layout":"page-builder","ast-site-content-layout":"full-width-container","site-content-style":"unboxed","site-sidebar-style":"unboxed","ast-global-header-display":"","ast-banner-title-visibility":"","ast-main-header-display":"","ast-hfb-above-header-display":"","ast-hfb-below-header-display":"","ast-hfb-mobile-header-display":"","site-post-title":"disabled","ast-breadcrumbs-content":"","ast-featured-img":"disabled","footer-sml-layout":"","ast-disable-related-posts":"","theme-transparent-header-meta":"default","adv-header-id-meta":"","stick-header-meta":"default","header-above-stick-meta":"","header-main-stick-meta":"","header-below-stick-meta":"","astra-migrate-meta-layouts":"set","ast-page-background-enabled":"default","ast-page-background-meta":{"desktop":{"background-color":"","background-image":"","background-repeat":"repeat","background-position":"center center","background-size":"auto","background-attachment":"scroll","background-type":"","background-media":"","overlay-type":"","overlay-color":"","overlay-opacity":"","overlay-gradient":""},"tablet":{"background-color":"","background-image":"","background-repeat":"repeat","background-position":"center center","background-size":"auto","background-attachment":"scroll","background-type":"","background-media":"","overlay-type":"","overlay-color":"","overlay-opacity":"","overlay-gradient":""},"mobile":{"background-color":"","background-image":"","background-repeat":"repeat","background-position":"center center","background-size":"auto","background-attachment":"scroll","background-type":"","background-media":"","overlay-type":"","overlay-color":"","overlay-opacity":"","overlay-gradient":""}},"ast-content-background-meta":{"desktop":{"background-color":"var(--ast-global-color-4)","background-image":"","background-repeat":"repeat","background-position":"center center","background-size":"auto","background-attachment":"scroll","background-type":"","background-media":"","overlay-type":"","overlay-color":"","overlay-opacity":"","overlay-gradient":""},"tablet":{"background-color":"var(--ast-global-color-4)","background-image":"","background-repeat":"repeat","background-position":"center center","background-size":"auto","background-attachment":"scroll","background-type":"","background-media":"","overlay-type":"","overlay-color":"","overlay-opacity":"","overlay-gradient":""},"mobile":{"background-color":"var(--ast-global-color-4)","background-image":"","background-repeat":"repeat","background-position":"center center","background-size":"auto","background-attachment":"scroll","background-type":"","background-media":"","overlay-type":"","overlay-color":"","overlay-opacity":"","overlay-gradient":""}},"iawp_total_views":751,"footnotes":""},"class_list":["post-155","page","type-page","status-publish","hentry"],"_links":{"self":[{"href":"https:\/\/perumotors.com\/fr\/wp-json\/wp\/v2\/pages\/155","targetHints":{"allow":["GET"]}}],"collection":[{"href":"https:\/\/perumotors.com\/fr\/wp-json\/wp\/v2\/pages"}],"about":[{"href":"https:\/\/perumotors.com\/fr\/wp-json\/wp\/v2\/types\/page"}],"author":[{"embeddable":true,"href":"https:\/\/perumotors.com\/fr\/wp-json\/wp\/v2\/users\/1"}],"replies":[{"embeddable":true,"href":"https:\/\/perumotors.com\/fr\/wp-json\/wp\/v2\/comments?post=155"}],"version-history":[{"count":11,"href":"https:\/\/perumotors.com\/fr\/wp-json\/wp\/v2\/pages\/155\/revisions"}],"predecessor-version":[{"id":18291,"href":"https:\/\/perumotors.com\/fr\/wp-json\/wp\/v2\/pages\/155\/revisions\/18291"}],"wp:attachment":[{"href":"https:\/\/perumotors.com\/fr\/wp-json\/wp\/v2\/media?parent=155"}],"curies":[{"name":"wp","href":"https:\/\/api.w.org\/{rel}","templated":true}]}}