{"id":432,"date":"2024-07-27T18:18:18","date_gmt":"2024-07-27T18:18:18","guid":{"rendered":"https:\/\/peru.sierinkwp.nl\/overperumotors\/"},"modified":"2025-01-25T11:58:49","modified_gmt":"2025-01-25T11:58:49","slug":"overperumotors","status":"publish","type":"page","link":"https:\/\/perumotors.com\/es\/overperumotors\/","title":{"rendered":"Acerca de PeruMotors"},"content":{"rendered":"\t\t<div data-elementor-type=\"wp-page\" data-elementor-id=\"432\" class=\"elementor elementor-432 elementor-428\" data-elementor-post-type=\"page\">\n\t\t\t\t<div class=\"elementor-element elementor-element-88136c7 e-flex e-con-boxed e-con e-parent\" data-id=\"88136c7\" data-element_type=\"container\" data-e-type=\"container\" data-settings=\"{&quot;background_background&quot;:&quot;classic&quot;}\">\n\t\t\t\t\t<div class=\"e-con-inner\">\n\t\t<div class=\"elementor-element elementor-element-ab5edbc e-con-full e-flex e-con e-child\" data-id=\"ab5edbc\" data-element_type=\"container\" data-e-type=\"container\">\n\t\t\t\t<div class=\"elementor-element elementor-element-123762f elementor-widget elementor-widget-heading\" data-id=\"123762f\" data-element_type=\"widget\" data-e-type=\"widget\" data-widget_type=\"heading.default\">\n\t\t\t\t\t<h2 class=\"elementor-heading-title elementor-size-default\"><span>Acerca de<\/span>PeruMotors  <\/h2>\t\t\t\t<\/div>\n\t\t\t\t<div class=\"elementor-element elementor-element-4d6b77e elementor-widget elementor-widget-text-editor\" data-id=\"4d6b77e\" data-element_type=\"widget\" data-e-type=\"widget\" data-widget_type=\"text-editor.default\">\n\t\t\t\t\t\t\t\t\t<p>PeruMotors SRL comenz\u00f3 en 2004 como una peque\u00f1a empresa de tours en moto por y para entusiastas de las motos.<br \/>\nHoy, PeruMotors es uno de los principales operadores de tours en moto de Sudam\u00e9rica.  Y la mayor empresa peruana de alquiler de motos BMW. A\u00fan bajo gesti\u00f3n holandesa.<\/p>\n<p>En 2010, PeruMotors se convirti\u00f3 en \u00abSocio oficial de BMW Motorrad\u00bb.<\/p>\n<p>Estamos especializados en:<\/p>\n<ul>\n<li>Rutas guiadas en moto por todo el mundo<\/li>\n<li>Excursiones autoguiadas en moto por Per\u00fa<\/li>\n<li>Alquiler de motos en Per\u00fa<\/li>\n<li>(Auto) Excursiones guiadas en 4\u00d74<\/li>\n<\/ul>\n<p>&#8230; y cualquier posible combinaci\u00f3n de estos servicios.<\/p>\n<p>PeruMotors cuenta con una moderna flota de m\u00e1s de 50 motocicletas:<br \/>&#8211; BMW Motorrad,<br \/>&#8211; Honda,<br \/>&#8211; Kawasaki.<br \/>Se completa con 3 veh\u00edculos de apoyo con 2 remolques para motocicletas.<\/p>\n<p>Nuestro taller privado de motocicletas tambi\u00e9n se encuentra en la ciudad de Arequipa.<\/p>\n\t\t\t\t\t\t\t\t<\/div>\n\t\t\t\t<\/div>\n\t\t<div class=\"elementor-element elementor-element-380f3cc e-con-full e-flex e-con e-child\" data-id=\"380f3cc\" data-element_type=\"container\" data-e-type=\"container\">\n\t\t<div class=\"elementor-element elementor-element-24f5a4a e-flex e-con-boxed e-con e-child\" data-id=\"24f5a4a\" data-element_type=\"container\" data-e-type=\"container\" data-settings=\"{&quot;background_background&quot;:&quot;classic&quot;}\">\n\t\t\t\t\t<div class=\"e-con-inner\">\n\t\t\t\t\t<\/div>\n\t\t\t\t<\/div>\n\t\t\t\t<\/div>\n\t\t\t\t\t<\/div>\n\t\t\t\t<\/div>\n\t\t<div class=\"elementor-element elementor-element-ef44500 e-flex e-con-boxed e-con e-parent\" data-id=\"ef44500\" data-element_type=\"container\" data-e-type=\"container\">\n\t\t\t\t\t<div class=\"e-con-inner\">\n\t\t<div class=\"elementor-element elementor-element-59a590f e-con-full e-flex e-con e-child\" data-id=\"59a590f\" data-element_type=\"container\" data-e-type=\"container\">\n\t\t<div class=\"elementor-element elementor-element-35fd5f0 e-con-full e-flex e-con e-child\" data-id=\"35fd5f0\" data-element_type=\"container\" data-e-type=\"container\">\n\t\t\t\t<div class=\"elementor-element elementor-element-0639c4d elementor-widget elementor-widget-text-editor\" data-id=\"0639c4d\" data-element_type=\"widget\" data-e-type=\"widget\" data-widget_type=\"text-editor.default\">\n\t\t\t\t\t\t\t\t\t<p>Adem\u00e1s de nuestras propias actividades de turismo, prestamos nuestros servicios a una serie de operadores tur\u00edsticos especializados en motocicletas de todo el mundo: EE.UU., Canad\u00e1, Pa\u00edses Bajos, Austria, Brasil, Alemania, Reino Unido, Australia y Nueva Zelanda.<br \/>Empezamos con nuestros tours en Per\u00fa y Bolivia.<br \/>\nHoy hacemos tours en los pa\u00edses que ve a la derecha.<br \/>Nuestros \u00abEspeciales\u00bb a EE.UU., Canad\u00e1, Europa y Nueva Zelanda son reconocidos por la industria del turismo como verdaderas aventuras en un ambiente informal. <\/p>\n<p>Los 2 fundadores (Lars Caldenhoven &amp; Geert Boeder) siguen dirigiendo las operaciones diarias en Arequipa.<br \/>\nY ambos son los gu\u00edas profesionales de motocicletas de PeruMotors. <\/p>\n<p>Sede en Arequipa, sur del Per\u00fa.<br \/>En el 2019 PeruMotors tuvo como hu\u00e9spedes a m\u00e1s de 350 moto- y 4&#215;4-turistas.<\/p>\n\t\t\t\t\t\t\t\t<\/div>\n\t\t\t\t<\/div>\n\t\t\t\t<\/div>\n\t\t<div class=\"elementor-element elementor-element-8f3d8f7 e-con-full e-flex e-con e-child\" data-id=\"8f3d8f7\" data-element_type=\"container\" data-e-type=\"container\">\n\t\t<div class=\"elementor-element elementor-element-41364d9 e-con-full e-flex e-con e-child\" data-id=\"41364d9\" data-element_type=\"container\" data-e-type=\"container\" data-settings=\"{&quot;background_background&quot;:&quot;classic&quot;}\">\n\t\t\t\t<div class=\"elementor-element elementor-element-821a1c9 elementor-widget elementor-widget-heading\" data-id=\"821a1c9\" data-element_type=\"widget\" data-e-type=\"widget\" data-widget_type=\"heading.default\">\n\t\t\t\t\t<h3 class=\"elementor-heading-title elementor-size-default\">Al contrario de lo que sugiere nuestro nombre, hoy le llevamos de visita guiada por:<\/h3>\t\t\t\t<\/div>\n\t\t\t\t<div class=\"elementor-element elementor-element-72bc276 elementor-widget elementor-widget-text-editor\" data-id=\"72bc276\" data-element_type=\"widget\" data-e-type=\"widget\" data-widget_type=\"text-editor.default\">\n\t\t\t\t\t\t\t\t\t<ul>\n<li>Per\u00fa<\/li>\n<li>Bolivia<\/li>\n<li>Chile<\/li>\n<li>Argentina<\/li>\n<li>Ecuador<\/li>\n<li>EE.UU.<\/li>\n<li>Canad\u00e1<\/li>\n<li>M\u00e9xico<\/li>\n<li>Europa<\/li>\n<li>Nueva Zelanda<\/li>\n<\/ul>\n\t\t\t\t\t\t\t\t<\/div>\n\t\t\t\t<\/div>\n\t\t\t\t<\/div>\n\t\t\t\t\t<\/div>\n\t\t\t\t<\/div>\n\t\t<div class=\"elementor-element elementor-element-3bfd15b e-flex e-con-boxed e-con e-parent\" data-id=\"3bfd15b\" data-element_type=\"container\" data-e-type=\"container\">\n\t\t\t\t\t<div class=\"e-con-inner\">\n\t\t<div class=\"elementor-element elementor-element-64f3379 e-con-full e-flex e-con e-child\" data-id=\"64f3379\" data-element_type=\"container\" data-e-type=\"container\">\n\t\t\t\t<div class=\"elementor-element elementor-element-911cb39 elementor-widget elementor-widget-image\" data-id=\"911cb39\" data-element_type=\"widget\" data-e-type=\"widget\" data-widget_type=\"image.default\">\n\t\t\t\t\t\t\t\t\t\t\t\t\t\t\t<img fetchpriority=\"high\" decoding=\"async\" width=\"501\" height=\"501\" src=\"https:\/\/perumotors.com\/wp-content\/uploads\/2024\/07\/image-29.png\" class=\"attachment-large size-large wp-image-448\" alt=\"\" srcset=\"https:\/\/perumotors.com\/wp-content\/uploads\/2024\/07\/image-29.png 501w, https:\/\/perumotors.com\/wp-content\/uploads\/2024\/07\/image-29-350x350.png 350w, https:\/\/perumotors.com\/wp-content\/uploads\/2024\/07\/image-29-200x200.png 200w\" sizes=\"(max-width: 501px) 100vw, 501px\" \/>\t\t\t\t\t\t\t\t\t\t\t\t\t\t\t<\/div>\n\t\t\t\t<\/div>\n\t\t<div class=\"elementor-element elementor-element-0d51d1f e-con-full e-flex e-con e-child\" data-id=\"0d51d1f\" data-element_type=\"container\" data-e-type=\"container\">\n\t\t\t\t<div class=\"elementor-element elementor-element-32cdd55 elementor-widget elementor-widget-heading\" data-id=\"32cdd55\" data-element_type=\"widget\" data-e-type=\"widget\" data-widget_type=\"heading.default\">\n\t\t\t\t\t<h2 class=\"elementor-heading-title elementor-size-default\">Fundadores de PeruMotors<\/h2>\t\t\t\t<\/div>\n\t\t\t\t<div class=\"elementor-element elementor-element-c00668a elementor-widget elementor-widget-text-editor\" data-id=\"c00668a\" data-element_type=\"widget\" data-e-type=\"widget\" data-widget_type=\"text-editor.default\">\n\t\t\t\t\t\t\t\t\t<p>Geert Boeder y Lars Caldenhoven<\/p>\n\t\t\t\t\t\t\t\t<\/div>\n\t\t\t\t<div class=\"elementor-element elementor-element-b67c86f elementor-widget elementor-widget-heading\" data-id=\"b67c86f\" data-element_type=\"widget\" data-e-type=\"widget\" data-widget_type=\"heading.default\">\n\t\t\t\t\t<h2 class=\"elementor-heading-title elementor-size-default\">Tripulaci\u00f3n<\/h2>\t\t\t\t<\/div>\n\t\t\t\t<div class=\"elementor-element elementor-element-6a314a3 elementor-widget elementor-widget-text-editor\" data-id=\"6a314a3\" data-element_type=\"widget\" data-e-type=\"widget\" data-widget_type=\"text-editor.default\">\n\t\t\t\t\t\t\t\t\t<ul>\n<li>2 Gu\u00edas profesionales (en moto)<\/li>\n<li>2 Mec\u00e1nicos de motocicletas a tiempo completo<\/li>\n<li>1 Contable<\/li>\n<li>2 Gu\u00edas aut\u00f3nomos, y<\/li>\n<li>2 Conductores\/mec\u00e1nicos aut\u00f3nomos<\/li>\n<\/ul>\n<p>La mayor\u00eda de los gu\u00edas en moto de PeruMotors hablan con fluidez espa\u00f1ol, ingl\u00e9s, holand\u00e9s y alem\u00e1n (muy) b\u00e1sico.<\/p>\n\t\t\t\t\t\t\t\t<\/div>\n\t\t\t\t<\/div>\n\t\t\t\t\t<\/div>\n\t\t\t\t<\/div>\n\t\t<div class=\"elementor-element elementor-element-f4bba4e e-flex e-con-boxed e-con e-parent\" data-id=\"f4bba4e\" data-element_type=\"container\" data-e-type=\"container\">\n\t\t\t\t\t<div class=\"e-con-inner\">\n\t\t<div class=\"elementor-element elementor-element-8779613 e-con-full e-flex e-con e-child\" data-id=\"8779613\" data-element_type=\"container\" data-e-type=\"container\">\n\t\t\t\t<div class=\"elementor-element elementor-element-055d5b1 elementor-widget elementor-widget-heading\" data-id=\"055d5b1\" data-element_type=\"widget\" data-e-type=\"widget\" data-widget_type=\"heading.default\">\n\t\t\t\t\t<h2 class=\"elementor-heading-title elementor-size-default\">Tripulaci\u00f3n de PeruMotors<\/h2>\t\t\t\t<\/div>\n\t\t\t\t<div class=\"elementor-element elementor-element-a08fa35 elementor-widget elementor-widget-text-editor\" data-id=\"a08fa35\" data-element_type=\"widget\" data-e-type=\"widget\" data-widget_type=\"text-editor.default\">\n\t\t\t\t\t\t\t\t\t<p><strong>Eduardo<\/strong> (foto superior derecha)<br \/>Trabaja como gu\u00eda tur\u00edstico aut\u00f3nomo en moto y como conductor\/mec\u00e1nico en excursiones)<\/p>\n<p><strong>Carlos<\/strong> (primero por la izquierda)<br \/>Nuestro jefe de mec\u00e1nicos<\/p>\n<p><strong>Mauricio<\/strong> (tercero por la derecha)<br \/>Mec\u00e1nico\/conductor<\/p>\n<p><strong>Marisa<\/strong> (tercera por la izquierda)<br \/>Finanzas\/Contable<\/p>\n<p><strong>Edi<\/strong> (segundo por la derecha)<br \/>Edi ha sido nuestro conocido mec\u00e1nico\/conductor aut\u00f3nomo en las giras durante muchos a\u00f1os.<\/p>\n\t\t\t\t\t\t\t\t<\/div>\n\t\t\t\t<\/div>\n\t\t<div class=\"elementor-element elementor-element-bff27e3 e-con-full e-flex e-con e-child\" data-id=\"bff27e3\" data-element_type=\"container\" data-e-type=\"container\">\n\t\t\t\t<div class=\"elementor-element elementor-element-0bd2ba2 elementor-widget elementor-widget-image\" data-id=\"0bd2ba2\" data-element_type=\"widget\" data-e-type=\"widget\" data-widget_type=\"image.default\">\n\t\t\t\t\t\t\t\t\t\t\t\t\t\t\t<img decoding=\"async\" width=\"530\" height=\"600\" src=\"https:\/\/perumotors.com\/wp-content\/uploads\/2024\/07\/image-30-530x600.png\" class=\"attachment-large size-large wp-image-454\" alt=\"\" srcset=\"https:\/\/perumotors.com\/wp-content\/uploads\/2024\/07\/image-30-530x600.png 530w, https:\/\/perumotors.com\/wp-content\/uploads\/2024\/07\/image-30-309x350.png 309w, https:\/\/perumotors.com\/wp-content\/uploads\/2024\/07\/image-30.png 605w\" sizes=\"(max-width: 530px) 100vw, 530px\" \/>\t\t\t\t\t\t\t\t\t\t\t\t\t\t\t<\/div>\n\t\t\t\t<\/div>\n\t\t\t\t\t<\/div>\n\t\t\t\t<\/div>\n\t\t\t\t<\/div>\n\t\t","protected":false},"excerpt":{"rendered":"<p>Acerca dePeruMotors PeruMotors SRL comenz\u00f3 en 2004 como una peque\u00f1a empresa de tours en moto por y para entusiastas de las motos. Hoy, PeruMotors es uno de los principales operadores de tours en moto de Sudam\u00e9rica. Y la mayor empresa peruana de alquiler de motos BMW. A\u00fan bajo gesti\u00f3n holandesa. En 2010, PeruMotors se convirti\u00f3 [&hellip;]<\/p>\n","protected":false},"author":1,"featured_media":0,"parent":0,"menu_order":0,"comment_status":"closed","ping_status":"closed","template":"","meta":{"_seopress_robots_primary_cat":"","_seopress_titles_title":"","_seopress_titles_desc":"","_seopress_robots_index":"","site-sidebar-layout":"no-sidebar","site-content-layout":"page-builder","ast-site-content-layout":"full-width-container","site-content-style":"default","site-sidebar-style":"default","ast-global-header-display":"","ast-banner-title-visibility":"","ast-main-header-display":"","ast-hfb-above-header-display":"","ast-hfb-below-header-display":"","ast-hfb-mobile-header-display":"","site-post-title":"disabled","ast-breadcrumbs-content":"","ast-featured-img":"disabled","footer-sml-layout":"","ast-disable-related-posts":"","theme-transparent-header-meta":"default","adv-header-id-meta":"","stick-header-meta":"default","header-above-stick-meta":"","header-main-stick-meta":"","header-below-stick-meta":"","astra-migrate-meta-layouts":"set","ast-page-background-enabled":"default","ast-page-background-meta":{"desktop":{"background-color":"","background-image":"","background-repeat":"repeat","background-position":"center center","background-size":"auto","background-attachment":"scroll","background-type":"","background-media":"","overlay-type":"","overlay-color":"","overlay-opacity":"","overlay-gradient":""},"tablet":{"background-color":"","background-image":"","background-repeat":"repeat","background-position":"center center","background-size":"auto","background-attachment":"scroll","background-type":"","background-media":"","overlay-type":"","overlay-color":"","overlay-opacity":"","overlay-gradient":""},"mobile":{"background-color":"","background-image":"","background-repeat":"repeat","background-position":"center center","background-size":"auto","background-attachment":"scroll","background-type":"","background-media":"","overlay-type":"","overlay-color":"","overlay-opacity":"","overlay-gradient":""}},"ast-content-background-meta":{"desktop":{"background-color":"var(--ast-global-color-4)","background-image":"","background-repeat":"repeat","background-position":"center center","background-size":"auto","background-attachment":"scroll","background-type":"","background-media":"","overlay-type":"","overlay-color":"","overlay-opacity":"","overlay-gradient":""},"tablet":{"background-color":"var(--ast-global-color-4)","background-image":"","background-repeat":"repeat","background-position":"center center","background-size":"auto","background-attachment":"scroll","background-type":"","background-media":"","overlay-type":"","overlay-color":"","overlay-opacity":"","overlay-gradient":""},"mobile":{"background-color":"var(--ast-global-color-4)","background-image":"","background-repeat":"repeat","background-position":"center center","background-size":"auto","background-attachment":"scroll","background-type":"","background-media":"","overlay-type":"","overlay-color":"","overlay-opacity":"","overlay-gradient":""}},"iawp_total_views":177,"footnotes":""},"class_list":["post-432","page","type-page","status-publish","hentry"],"_links":{"self":[{"href":"https:\/\/perumotors.com\/es\/wp-json\/wp\/v2\/pages\/432","targetHints":{"allow":["GET"]}}],"collection":[{"href":"https:\/\/perumotors.com\/es\/wp-json\/wp\/v2\/pages"}],"about":[{"href":"https:\/\/perumotors.com\/es\/wp-json\/wp\/v2\/types\/page"}],"author":[{"embeddable":true,"href":"https:\/\/perumotors.com\/es\/wp-json\/wp\/v2\/users\/1"}],"replies":[{"embeddable":true,"href":"https:\/\/perumotors.com\/es\/wp-json\/wp\/v2\/comments?post=432"}],"version-history":[{"count":2,"href":"https:\/\/perumotors.com\/es\/wp-json\/wp\/v2\/pages\/432\/revisions"}],"predecessor-version":[{"id":5445,"href":"https:\/\/perumotors.com\/es\/wp-json\/wp\/v2\/pages\/432\/revisions\/5445"}],"wp:attachment":[{"href":"https:\/\/perumotors.com\/es\/wp-json\/wp\/v2\/media?parent=432"}],"curies":[{"name":"wp","href":"https:\/\/api.w.org\/{rel}","templated":true}]}}