{"id":159,"date":"2021-01-15T11:49:32","date_gmt":"2021-01-15T11:49:32","guid":{"rendered":"https:\/\/peru.sierinkwp.nl\/inicio\/"},"modified":"2026-04-02T16:59:58","modified_gmt":"2026-04-02T16:59:58","slug":"inicio","status":"publish","type":"page","link":"https:\/\/perumotors.com\/es\/","title":{"rendered":"Inicio"},"content":{"rendered":"\t\t<div data-elementor-type=\"wp-page\" data-elementor-id=\"159\" class=\"elementor elementor-159 elementor-2\" data-elementor-post-type=\"page\">\n\t\t\t\t<div class=\"elementor-element elementor-element-0acdb6f e-con-full e-flex e-con e-parent\" data-id=\"0acdb6f\" data-element_type=\"container\" data-e-type=\"container\" data-settings=\"{&quot;background_background&quot;:&quot;classic&quot;}\">\n\t\t<div class=\"elementor-element elementor-element-1e6ce5e e-flex e-con-boxed e-con e-child\" data-id=\"1e6ce5e\" data-element_type=\"container\" data-e-type=\"container\">\n\t\t\t\t\t<div class=\"e-con-inner\">\n\t\t\t\t<div class=\"elementor-element elementor-element-6b9cf2f elementor-widget elementor-widget-heading\" data-id=\"6b9cf2f\" data-element_type=\"widget\" data-e-type=\"widget\" data-widget_type=\"heading.default\">\n\t\t\t\t\t<h1 class=\"elementor-heading-title elementor-size-default\">PeruMotors <span>- Conduce con experiencia<\/span><\/h1>\t\t\t\t<\/div>\n\t\t\t\t<div class=\"elementor-element elementor-element-6dcf043 elementor-align-center elementor-widget elementor-widget-button\" data-id=\"6dcf043\" data-element_type=\"widget\" data-e-type=\"widget\" data-widget_type=\"button.default\">\n\t\t\t\t\t\t\t\t\t\t<a class=\"elementor-button elementor-button-link elementor-size-sm\" href=\"https:\/\/perumotors.com\/es\/programa-de-la-gira\/\">\n\t\t\t\t\t\t<span class=\"elementor-button-content-wrapper\">\n\t\t\t\t\t\t\t\t\t<span class=\"elementor-button-text\">Programa de la Gira 2026 \/ 2027<\/span>\n\t\t\t\t\t<\/span>\n\t\t\t\t\t<\/a>\n\t\t\t\t\t\t\t\t<\/div>\n\t\t\t\t\t<\/div>\n\t\t\t\t<\/div>\n\t\t\t\t<\/div>\n\t\t<div class=\"elementor-element elementor-element-382d641 e-flex e-con-boxed e-con e-parent\" data-id=\"382d641\" data-element_type=\"container\" data-e-type=\"container\">\n\t\t\t\t\t<div class=\"e-con-inner\">\n\t\t<a class=\"elementor-element elementor-element-ea7675b e-con-full e-flex e-con e-child\" data-id=\"ea7675b\" data-element_type=\"container\" data-e-type=\"container\" data-settings=\"{&quot;background_background&quot;:&quot;classic&quot;}\" href=\"https:\/\/perumotors.com\/es\/excursiones-guiadas-en-moto-por-peru\/\">\n\t\t\t\t<div class=\"elementor-element elementor-element-3f652bd elementor-widget__width-initial elementor-widget elementor-widget-heading\" data-id=\"3f652bd\" data-element_type=\"widget\" data-e-type=\"widget\" data-widget_type=\"heading.default\">\n\t\t\t\t\t<h2 class=\"elementor-heading-title elementor-size-default\">Rutas guiadas en moto<\/h2>\t\t\t\t<\/div>\n\t\t\t\t<\/a>\n\t\t<a class=\"elementor-element elementor-element-4578e12 e-con-full e-flex e-con e-child\" data-id=\"4578e12\" data-element_type=\"container\" data-e-type=\"container\" data-settings=\"{&quot;background_background&quot;:&quot;classic&quot;}\" href=\"https:\/\/perumotors.com\/es\/excursiones-autoguiadas-en-moto-por-peru\/\">\n\t\t\t\t<div class=\"elementor-element elementor-element-6d0b542 elementor-widget__width-initial elementor-widget elementor-widget-heading\" data-id=\"6d0b542\" data-element_type=\"widget\" data-e-type=\"widget\" data-widget_type=\"heading.default\">\n\t\t\t\t\t<h2 class=\"elementor-heading-title elementor-size-default\">Rutas autoguiadas en moto<\/h2>\t\t\t\t<\/div>\n\t\t\t\t<\/a>\n\t\t<a class=\"elementor-element elementor-element-7535b6b e-con-full e-flex e-con e-child\" data-id=\"7535b6b\" data-element_type=\"container\" data-e-type=\"container\" data-settings=\"{&quot;background_background&quot;:&quot;classic&quot;}\" href=\"https:\/\/perumotors.com\/es\/alquiler-de-motos-peru\/\">\n\t\t\t\t<div class=\"elementor-element elementor-element-c551c9b elementor-widget elementor-widget-heading\" data-id=\"c551c9b\" data-element_type=\"widget\" data-e-type=\"widget\" data-widget_type=\"heading.default\">\n\t\t\t\t\t<h2 class=\"elementor-heading-title elementor-size-default\">Alquiler de motos<\/h2>\t\t\t\t<\/div>\n\t\t\t\t<\/a>\n\t\t<a class=\"elementor-element elementor-element-95a1ae4 e-con-full e-flex e-con e-child\" data-id=\"95a1ae4\" data-element_type=\"container\" data-e-type=\"container\" data-settings=\"{&quot;background_background&quot;:&quot;classic&quot;}\" href=\"https:\/\/peru-self-drive.com\" target=\"_blank\">\n\t\t\t\t<div class=\"jet-satellite-widget elementor-element elementor-element-5dfefb8 elementor-widget__width-inherit elementor-widget elementor-widget-heading\" data-jet-tricks-settings=\"{&quot;satellite&quot;:&quot;true&quot;,&quot;satelliteType&quot;:&quot;image&quot;,&quot;satellitePosition&quot;:&quot;top-right&quot;}\" data-id=\"5dfefb8\" data-element_type=\"widget\" data-e-type=\"widget\" data-widget_type=\"heading.default\">\n\t\t\t\t\t<div class=\"jet-tricks-satellite jet-tricks-satellite--top-right\"><div class=\"jet-tricks-satellite__inner\"><div class=\"jet-tricks-satellite__image\"><img decoding=\"async\" class=\"jet-tricks-satellite__image-instance\" src=\"https:\/\/perumotors.com\/wp-content\/uploads\/2025\/05\/25-Anos-2.png\" alt=\"\"><\/div><\/div><\/div><h2 class=\"elementor-heading-title elementor-size-default\">Per\u00fa Self Drive<\/h2>\t\t\t\t<\/div>\n\t\t\t\t<\/a>\n\t\t\t\t\t<\/div>\n\t\t\t\t<\/div>\n\t\t<div class=\"elementor-element elementor-element-f4b1423 e-flex e-con-boxed e-con e-parent\" data-id=\"f4b1423\" data-element_type=\"container\" data-e-type=\"container\" data-settings=\"{&quot;background_background&quot;:&quot;classic&quot;}\">\n\t\t\t\t\t<div class=\"e-con-inner\">\n\t\t<div class=\"elementor-element elementor-element-483db87 e-con-full e-flex e-con e-child\" data-id=\"483db87\" data-element_type=\"container\" data-e-type=\"container\">\n\t\t<div class=\"elementor-element elementor-element-e9d4b24 e-con-full e-flex e-con e-child\" data-id=\"e9d4b24\" data-element_type=\"container\" data-e-type=\"container\" data-settings=\"{&quot;background_background&quot;:&quot;classic&quot;}\">\n\t\t\t\t<div class=\"elementor-element elementor-element-d1a122c rondehoek elementor-widget elementor-widget-jet-engine-maps-listing\" data-id=\"d1a122c\" data-element_type=\"widget\" data-e-type=\"widget\" data-widget_type=\"jet-engine-maps-listing.default\">\n\t\t\t\t\t<div class=\"jet-map-listing jet-listing-grid--753 popup-has-pin google-provider\" data-init=\"{&quot;zoomControl&quot;:true,&quot;fullscreenControl&quot;:true,&quot;streetViewControl&quot;:false,&quot;mapTypeControl&quot;:false}\" data-markers=\"[{&quot;id&quot;:1795,&quot;latLang&quot;:{&quot;lat&quot;:-13.1631688,&quot;lng&quot;:-72.5452121},&quot;label&quot;:false,&quot;custom_marker&quot;:false,&quot;geo_query_distance&quot;:-1},{&quot;id&quot;:1806,&quot;latLang&quot;:{&quot;lat&quot;:-54.8020021,&quot;lng&quot;:-68.3029211},&quot;label&quot;:false,&quot;custom_marker&quot;:false,&quot;geo_query_distance&quot;:-1},{&quot;id&quot;:2153,&quot;latLang&quot;:{&quot;lat&quot;:-12.5809549,&quot;lng&quot;:-69.2031625},&quot;label&quot;:false,&quot;custom_marker&quot;:false,&quot;geo_query_distance&quot;:-1},{&quot;id&quot;:7144,&quot;latLang&quot;:{&quot;lat&quot;:-16.4056501,&quot;lng&quot;:-71.5400194},&quot;label&quot;:false,&quot;custom_marker&quot;:false,&quot;geo_query_distance&quot;:-1},{&quot;id&quot;:1615,&quot;latLang&quot;:{&quot;lat&quot;:-16.4056501,&quot;lng&quot;:-71.5401994},&quot;label&quot;:false,&quot;custom_marker&quot;:false,&quot;geo_query_distance&quot;:-1},{&quot;id&quot;:2824,&quot;latLang&quot;:{&quot;lat&quot;:49.7500569,&quot;lng&quot;:6.637209},&quot;label&quot;:false,&quot;custom_marker&quot;:false,&quot;geo_query_distance&quot;:-1},{&quot;id&quot;:1611,&quot;latLang&quot;:{&quot;lat&quot;:-16.4057701,&quot;lng&quot;:-71.5400494},&quot;label&quot;:false,&quot;custom_marker&quot;:false,&quot;geo_query_distance&quot;:-1},{&quot;id&quot;:2664,&quot;latLang&quot;:{&quot;lat&quot;:21.161848,&quot;lng&quot;:-86.85147789999999},&quot;label&quot;:false,&quot;custom_marker&quot;:false,&quot;geo_query_distance&quot;:-1},{&quot;id&quot;:2612,&quot;latLang&quot;:{&quot;lat&quot;:-43.5320601,&quot;lng&quot;:172.636618},&quot;label&quot;:false,&quot;custom_marker&quot;:false,&quot;geo_query_distance&quot;:-1},{&quot;id&quot;:2731,&quot;latLang&quot;:{&quot;lat&quot;:-13.53199,&quot;lng&quot;:-71.9674126},&quot;label&quot;:false,&quot;custom_marker&quot;:false,&quot;geo_query_distance&quot;:-1},{&quot;id&quot;:2695,&quot;latLang&quot;:{&quot;lat&quot;:-16.489679,&quot;lng&quot;:-68.11931360000001},&quot;label&quot;:false,&quot;custom_marker&quot;:false,&quot;geo_query_distance&quot;:-1},{&quot;id&quot;:2749,&quot;latLang&quot;:{&quot;lat&quot;:61.2175858,&quot;lng&quot;:-149.8995785},&quot;label&quot;:false,&quot;custom_marker&quot;:false,&quot;geo_query_distance&quot;:-1},{&quot;id&quot;:2836,&quot;latLang&quot;:{&quot;lat&quot;:13.7563609,&quot;lng&quot;:100.5017851},&quot;label&quot;:false,&quot;custom_marker&quot;:false,&quot;geo_query_distance&quot;:-1}]\" data-general=\"{&quot;api&quot;:&quot;https:\\\/\\\/perumotors.com\\\/es\\\/wp-json\\\/jet-engine\\\/v2\\\/get-map-marker-info\\\/&quot;,&quot;restNonce&quot;:&quot;ae46122c96&quot;,&quot;listingID&quot;:753,&quot;source&quot;:&quot;posts&quot;,&quot;width&quot;:300,&quot;offset&quot;:0,&quot;clustererImg&quot;:&quot;https:\\\/\\\/perumotors.com\\\/wp-content\\\/plugins\\\/jet-engine\\\/includes\\\/modules\\\/maps-listings\\\/assets\\\/lib\\\/markerclustererplus\\\/img\\\/m&quot;,&quot;marker&quot;:{&quot;type&quot;:&quot;icon&quot;,&quot;html&quot;:&quot;&lt;div class=\\&quot;jet-map-marker jet-map-marker-default apply-fill is-svg-icon\\&quot;&gt;&lt;svg class=\\&quot;e-font-icon-svg e-fas-map-marker-alt\\&quot; aria-hidden=\\&quot;true\\&quot; viewBox=\\&quot;0 0 384 512\\&quot; xmlns=\\&quot;http:\\\/\\\/www.w3.org\\\/2000\\\/svg\\&quot;&gt;&lt;path d=\\&quot;M172.268 501.67C26.97 291.031 0 269.413 0 192 0 85.961 85.961 0 192 0s192 85.961 192 192c0 77.413-26.97 99.031-172.268 309.67-9.535 13.774-29.93 13.773-39.464 0zM192 272c44.183 0 80-35.817 80-80s-35.817-80-80-80-80 35.817-80 80 35.817 80 80 80z\\&quot;&gt;&lt;\\\/path&gt;&lt;\\\/svg&gt;&lt;\\\/div&gt;&quot;},&quot;autoCenter&quot;:true,&quot;maxZoom&quot;:14,&quot;minZoom&quot;:1,&quot;customCenter&quot;:false,&quot;customZoom&quot;:11,&quot;popupPreloader&quot;:true,&quot;querySeparator&quot;:&quot;?&quot;,&quot;markerClustering&quot;:true,&quot;customClusterImg&quot;:[],&quot;clusterMaxZoom&quot;:&quot;&quot;,&quot;clusterRadius&quot;:10,&quot;popupOpenOn&quot;:&quot;hover&quot;,&quot;centeringOnOpen&quot;:false,&quot;zoomOnOpen&quot;:false,&quot;advanced&quot;:{&quot;zoom_control&quot;:&quot;auto&quot;},&quot;user_location_enabled&quot;:false,&quot;user_location_marker&quot;:false,&quot;user_location_label&quot;:&quot;&quot;}\" data-listing-source=\"query\" data-query-id=\"2\" data-queried-id=\"159|WP_Post\"><\/div>\t\t\t\t<\/div>\n\t\t\t\t<\/div>\n\t\t<div class=\"elementor-element elementor-element-7c66dfb e-con-full e-flex e-con e-child\" data-id=\"7c66dfb\" data-element_type=\"container\" data-e-type=\"container\" data-settings=\"{&quot;background_background&quot;:&quot;classic&quot;}\">\n\t\t\t\t<div class=\"elementor-element elementor-element-83fb253 elementor-widget elementor-widget-heading\" data-id=\"83fb253\" data-element_type=\"widget\" data-e-type=\"widget\" data-widget_type=\"heading.default\">\n\t\t\t\t\t<h2 class=\"elementor-heading-title elementor-size-default\">Ver nuestras rutas en el mapa del mundo<\/h2>\t\t\t\t<\/div>\n\t\t\t\t<div class=\"elementor-element elementor-element-0d8d3d3 elementor-widget elementor-widget-heading\" data-id=\"0d8d3d3\" data-element_type=\"widget\" data-e-type=\"widget\" data-widget_type=\"heading.default\">\n\t\t\t\t\t<h3 class=\"elementor-heading-title elementor-size-default\">PeruMotors - <span>\u00a1M\u00e1s que Per\u00fa!<\/span><\/h3>\t\t\t\t<\/div>\n\t\t<div class=\"elementor-element elementor-element-82d3bde e-con-full e-flex e-con e-child\" data-id=\"82d3bde\" data-element_type=\"container\" data-e-type=\"container\">\n\t\t\t\t<div class=\"elementor-element elementor-element-0f8a1b0 elementor-widget elementor-widget-text-editor\" data-id=\"0f8a1b0\" data-element_type=\"widget\" data-e-type=\"widget\" data-widget_type=\"text-editor.default\">\n\t\t\t\t\t\t\t\t\t<p>Desde nuestros inicios en 2004, PeruMotors ha superado sus fronteras. Al contrario de lo que sugiere nuestro nombre, hoy te llevamos de visita guiada por:<\/p><ul><li>Per\u00fa<\/li><li>Bolivia<\/li><li>Chile<\/li><li>Argentina<\/li><li>Ecuador<\/li><li>Patagonia<\/li><li>M\u00e9xico<\/li><li>EE.UU.<\/li><li>Canad\u00e1<\/li><li>Europa<\/li><li>Tailandia<\/li><li>Nueva Zelanda<\/li><\/ul><p><strong>Haz clic en los marcadores naranjas de tu inter\u00e9s en el mapa.<\/strong><\/p>\t\t\t\t\t\t\t\t<\/div>\n\t\t\t\t<\/div>\n\t\t\t\t<\/div>\n\t\t\t\t<\/div>\n\t\t\t\t\t<\/div>\n\t\t\t\t<\/div>\n\t\t<div class=\"elementor-element elementor-element-c40e8a1 e-flex e-con-boxed e-con e-parent\" data-id=\"c40e8a1\" data-element_type=\"container\" data-e-type=\"container\">\n\t\t\t\t\t<div class=\"e-con-inner\">\n\t\t<div class=\"elementor-element elementor-element-0d2ea9a e-con-full e-flex e-con e-child\" data-id=\"0d2ea9a\" data-element_type=\"container\" data-e-type=\"container\">\n\t\t\t\t<div class=\"elementor-element elementor-element-aa1c04c elementor-widget elementor-widget-image\" data-id=\"aa1c04c\" data-element_type=\"widget\" data-e-type=\"widget\" data-widget_type=\"image.default\">\n\t\t\t\t\t\t\t\t\t\t\t\t\t\t\t<img fetchpriority=\"high\" decoding=\"async\" width=\"768\" height=\"576\" src=\"https:\/\/perumotors.com\/wp-content\/uploads\/2024\/07\/60a15729909ba082ccbf81829ff50aaf-768x576.jpeg\" class=\"attachment-medium_large size-medium_large wp-image-230\" alt=\"All the tour guides, mechanics and drivers of PeruMotors\" srcset=\"https:\/\/perumotors.com\/wp-content\/uploads\/2024\/07\/60a15729909ba082ccbf81829ff50aaf-768x576.jpeg 768w, https:\/\/perumotors.com\/wp-content\/uploads\/2024\/07\/60a15729909ba082ccbf81829ff50aaf-350x263.jpeg 350w, https:\/\/perumotors.com\/wp-content\/uploads\/2024\/07\/60a15729909ba082ccbf81829ff50aaf-600x450.jpeg 600w, https:\/\/perumotors.com\/wp-content\/uploads\/2024\/07\/60a15729909ba082ccbf81829ff50aaf.jpeg 800w\" sizes=\"(max-width: 768px) 100vw, 768px\" \/>\t\t\t\t\t\t\t\t\t\t\t\t\t\t\t<\/div>\n\t\t\t\t<\/div>\n\t\t<div class=\"elementor-element elementor-element-17de856 e-con-full e-flex e-con e-child\" data-id=\"17de856\" data-element_type=\"container\" data-e-type=\"container\">\n\t\t<div class=\"elementor-element elementor-element-004fe77 e-flex e-con-boxed e-con e-child\" data-id=\"004fe77\" data-element_type=\"container\" data-e-type=\"container\">\n\t\t\t\t\t<div class=\"e-con-inner\">\n\t\t\t\t<div class=\"elementor-element elementor-element-0061e22 elementor-widget elementor-widget-heading\" data-id=\"0061e22\" data-element_type=\"widget\" data-e-type=\"widget\" data-widget_type=\"heading.default\">\n\t\t\t\t\t<h2 class=\"elementor-heading-title elementor-size-default\">Acerca de PeruMotors<\/h2>\t\t\t\t<\/div>\n\t\t\t\t<div class=\"elementor-element elementor-element-6c2008a elementor-widget elementor-widget-text-editor\" data-id=\"6c2008a\" data-element_type=\"widget\" data-e-type=\"widget\" data-widget_type=\"text-editor.default\">\n\t\t\t\t\t\t\t\t\t<p>PeruMotors SRL comenz\u00f3 en 2004 como una peque\u00f1a empresa de turismo en moto por y para entusiastas de las motos. Seguimos teniendo nuestra sede en nuestra ciudad natal de Arequipa, en el sur de Per\u00fa.<\/p><p>Hoy en d\u00eda, PeruMotors es uno de los principales operadores de viajes en moto de Sudam\u00e9rica. Y la mayor empresa de alquiler de motos BMW de Per\u00fa. En 2010, PeruMotors se convirti\u00f3 en socio oficial de BMW Motorrad, especializado en:<\/p><ul><li>Rutas guiadas en moto por todo el mundo<\/li><li>Rutas autoguiadas en moto por Per\u00fa<\/li><li>Alquiler de motos en Per\u00fa<\/li><li>(Auto) Excursiones guiadas en 4\u00d74<br>&#8230; y cualquier posible combinaci\u00f3n de estos servicios.<\/li><\/ul>\t\t\t\t\t\t\t\t<\/div>\n\t\t\t\t<div class=\"elementor-element elementor-element-17c5e00 elementor-align-left elementor-mobile-align-center elementor-widget elementor-widget-button\" data-id=\"17c5e00\" data-element_type=\"widget\" data-e-type=\"widget\" data-widget_type=\"button.default\">\n\t\t\t\t\t\t\t\t\t\t<a class=\"elementor-button elementor-button-link elementor-size-sm\" href=\"https:\/\/perumotors.com\/es\/overperumotors\/\">\n\t\t\t\t\t\t<span class=\"elementor-button-content-wrapper\">\n\t\t\t\t\t\t\t\t\t<span class=\"elementor-button-text\">M\u00e1s sobre nosotros<\/span>\n\t\t\t\t\t<\/span>\n\t\t\t\t\t<\/a>\n\t\t\t\t\t\t\t\t<\/div>\n\t\t\t\t\t<\/div>\n\t\t\t\t<\/div>\n\t\t\t\t<\/div>\n\t\t\t\t\t<\/div>\n\t\t\t\t<\/div>\n\t\t<div class=\"elementor-element elementor-element-458221a e-flex e-con-boxed e-con e-parent\" data-id=\"458221a\" data-element_type=\"container\" data-e-type=\"container\">\n\t\t\t\t\t<div class=\"e-con-inner\">\n\t\t<div class=\"elementor-element elementor-element-a20005b e-flex e-con-boxed e-con e-child\" data-id=\"a20005b\" data-element_type=\"container\" data-e-type=\"container\" data-settings=\"{&quot;background_background&quot;:&quot;classic&quot;}\">\n\t\t\t\t\t<div class=\"e-con-inner\">\n\t\t<div class=\"elementor-element elementor-element-884a96d e-flex e-con-boxed e-con e-child\" data-id=\"884a96d\" data-element_type=\"container\" data-e-type=\"container\">\n\t\t\t\t\t<div class=\"e-con-inner\">\n\t\t\t\t<div class=\"elementor-element elementor-element-bd97892 elementor-view-default elementor-widget elementor-widget-icon\" data-id=\"bd97892\" data-element_type=\"widget\" data-e-type=\"widget\" data-widget_type=\"icon.default\">\n\t\t\t\t\t\t\t<div class=\"elementor-icon-wrapper\">\n\t\t\t<div class=\"elementor-icon\">\n\t\t\t<svg aria-hidden=\"true\" class=\"e-font-icon-svg e-far-newspaper\" viewBox=\"0 0 576 512\" xmlns=\"http:\/\/www.w3.org\/2000\/svg\"><path d=\"M552 64H112c-20.858 0-38.643 13.377-45.248 32H24c-13.255 0-24 10.745-24 24v272c0 30.928 25.072 56 56 56h496c13.255 0 24-10.745 24-24V88c0-13.255-10.745-24-24-24zM48 392V144h16v248c0 4.411-3.589 8-8 8s-8-3.589-8-8zm480 8H111.422c.374-2.614.578-5.283.578-8V112h416v288zM172 280h136c6.627 0 12-5.373 12-12v-96c0-6.627-5.373-12-12-12H172c-6.627 0-12 5.373-12 12v96c0 6.627 5.373 12 12 12zm28-80h80v40h-80v-40zm-40 140v-24c0-6.627 5.373-12 12-12h136c6.627 0 12 5.373 12 12v24c0 6.627-5.373 12-12 12H172c-6.627 0-12-5.373-12-12zm192 0v-24c0-6.627 5.373-12 12-12h104c6.627 0 12 5.373 12 12v24c0 6.627-5.373 12-12 12H364c-6.627 0-12-5.373-12-12zm0-144v-24c0-6.627 5.373-12 12-12h104c6.627 0 12 5.373 12 12v24c0 6.627-5.373 12-12 12H364c-6.627 0-12-5.373-12-12zm0 72v-24c0-6.627 5.373-12 12-12h104c6.627 0 12 5.373 12 12v24c0 6.627-5.373 12-12 12H364c-6.627 0-12-5.373-12-12z\"><\/path><\/svg>\t\t\t<\/div>\n\t\t<\/div>\n\t\t\t\t\t\t<\/div>\n\t\t\t\t<div class=\"elementor-element elementor-element-306ab60 elementor-align-left elementor-widget elementor-widget-button\" data-id=\"306ab60\" data-element_type=\"widget\" data-e-type=\"widget\" data-widget_type=\"button.default\">\n\t\t\t\t\t\t\t\t\t\t<a class=\"elementor-button elementor-button-link elementor-size-sm\" href=\"https:\/\/mailchi.mp\/perumotors\/april-2026\" target=\"_blank\">\n\t\t\t\t\t\t<span class=\"elementor-button-content-wrapper\">\n\t\t\t\t\t\t\t\t\t<span class=\"elementor-button-text\">Lee nuestro \u00faltimo bolet\u00edn<\/span>\n\t\t\t\t\t<\/span>\n\t\t\t\t\t<\/a>\n\t\t\t\t\t\t\t\t<\/div>\n\t\t\t\t\t<\/div>\n\t\t\t\t<\/div>\n\t\t<div class=\"elementor-element elementor-element-f55aa6f e-flex e-con-boxed e-con e-child\" data-id=\"f55aa6f\" data-element_type=\"container\" data-e-type=\"container\">\n\t\t\t\t\t<div class=\"e-con-inner\">\n\t\t\t\t<div class=\"elementor-element elementor-element-62a75d4 elementor-mobile-button-align-stretch elementor-button-align-stretch elementor-widget elementor-widget-form\" data-id=\"62a75d4\" data-element_type=\"widget\" data-e-type=\"widget\" data-settings=\"{&quot;step_next_label&quot;:&quot;Siguiente&quot;,&quot;step_previous_label&quot;:&quot;Anterior&quot;,&quot;button_width&quot;:&quot;33&quot;,&quot;step_type&quot;:&quot;number_text&quot;,&quot;step_icon_shape&quot;:&quot;circle&quot;}\" data-widget_type=\"form.default\">\n\t\t\t\t\t\t\t<form class=\"elementor-form\" method=\"post\" name=\"Nuevo formulario\" aria-label=\"Nuevo formulario\">\n\t\t\t<input type=\"hidden\" name=\"post_id\" value=\"159\"\/>\n\t\t\t<input type=\"hidden\" name=\"form_id\" value=\"62a75d4\"\/>\n\t\t\t<input type=\"hidden\" name=\"referer_title\" value=\"\" \/>\n\n\t\t\t\n\t\t\t<div class=\"elementor-form-fields-wrapper elementor-labels-above\">\n\t\t\t\t\t\t\t\t<div class=\"elementor-field-type-email elementor-field-group elementor-column elementor-field-group-email elementor-col-33 elementor-field-required elementor-mark-required\">\n\t\t\t\t\t\t\t\t\t\t\t\t\t<input size=\"1\" type=\"email\" name=\"form_fields[email]\" id=\"form-field-email\" class=\"elementor-field elementor-size-sm  elementor-field-textual\" placeholder=\"Correo electr\u00f3nico\" required=\"required\">\n\t\t\t\t\t\t\t\t\t\t\t<\/div>\n\t\t\t\t\t\t\t\t<div class=\"elementor-field-type-text elementor-field-group elementor-column elementor-field-group-name elementor-col-33\">\n\t\t\t\t\t\t\t\t\t\t\t\t\t<input size=\"1\" type=\"text\" name=\"form_fields[name]\" id=\"form-field-name\" class=\"elementor-field elementor-size-sm  elementor-field-textual\" placeholder=\"Nombre\">\n\t\t\t\t\t\t\t\t\t\t\t<\/div>\n\t\t\t\t\t\t\t\t<div class=\"elementor-field-group elementor-column elementor-field-type-submit elementor-col-33 e-form__buttons\">\n\t\t\t\t\t<button class=\"elementor-button elementor-size-sm\" type=\"submit\">\n\t\t\t\t\t\t<span class=\"elementor-button-content-wrapper\">\n\t\t\t\t\t\t\t\t\t\t\t\t\t\t\t\t\t\t\t\t\t\t<span class=\"elementor-button-text\">Suscr\u00edbete<\/span>\n\t\t\t\t\t\t\t\t\t\t\t\t\t<\/span>\n\t\t\t\t\t<\/button>\n\t\t\t\t<\/div>\n\t\t\t<\/div>\n\t\t<\/form>\n\t\t\t\t\t\t<\/div>\n\t\t\t\t\t<\/div>\n\t\t\t\t<\/div>\n\t\t\t\t\t<\/div>\n\t\t\t\t<\/div>\n\t\t\t\t\t<\/div>\n\t\t\t\t<\/div>\n\t\t\t\t<\/div>\n\t\t","protected":false},"excerpt":{"rendered":"<p>PeruMotors &#8211; Conduce con experiencia Programa de la Gira 2026 \/ 2027 Rutas guiadas en moto Rutas autoguiadas en moto Alquiler de motos Per\u00fa Self Drive Edit query Ver nuestras rutas en el mapa del mundo PeruMotors &#8211; \u00a1M\u00e1s que Per\u00fa! Desde nuestros inicios en 2004, PeruMotors ha superado sus fronteras. Al contrario de lo [&hellip;]<\/p>\n","protected":false},"author":1,"featured_media":0,"parent":0,"menu_order":0,"comment_status":"closed","ping_status":"closed","template":"","meta":{"_seopress_robots_primary_cat":"","_seopress_titles_title":"PeruMotors-Cabalga con Experiencia. Viajes en moto por todo el mundo. ","_seopress_titles_desc":"Viaja con nosotros por Per\u00fa, Patagonia, Bolivia, EE.UU., Canad\u00e1, M\u00e9xico, Europa, Nueva Zelanda y Tailandia. Los viajes m\u00e1s asequibles del sector. Compru\u00e9balo.  ","_seopress_robots_index":"","site-sidebar-layout":"no-sidebar","site-content-layout":"page-builder","ast-site-content-layout":"full-width-container","site-content-style":"unboxed","site-sidebar-style":"unboxed","ast-global-header-display":"","ast-banner-title-visibility":"","ast-main-header-display":"","ast-hfb-above-header-display":"","ast-hfb-below-header-display":"","ast-hfb-mobile-header-display":"","site-post-title":"disabled","ast-breadcrumbs-content":"","ast-featured-img":"disabled","footer-sml-layout":"","ast-disable-related-posts":"","theme-transparent-header-meta":"default","adv-header-id-meta":"","stick-header-meta":"default","header-above-stick-meta":"","header-main-stick-meta":"","header-below-stick-meta":"","astra-migrate-meta-layouts":"set","ast-page-background-enabled":"default","ast-page-background-meta":{"desktop":{"background-color":"","background-image":"","background-repeat":"repeat","background-position":"center center","background-size":"auto","background-attachment":"scroll","background-type":"","background-media":"","overlay-type":"","overlay-color":"","overlay-opacity":"","overlay-gradient":""},"tablet":{"background-color":"","background-image":"","background-repeat":"repeat","background-position":"center center","background-size":"auto","background-attachment":"scroll","background-type":"","background-media":"","overlay-type":"","overlay-color":"","overlay-opacity":"","overlay-gradient":""},"mobile":{"background-color":"","background-image":"","background-repeat":"repeat","background-position":"center center","background-size":"auto","background-attachment":"scroll","background-type":"","background-media":"","overlay-type":"","overlay-color":"","overlay-opacity":"","overlay-gradient":""}},"ast-content-background-meta":{"desktop":{"background-color":"var(--ast-global-color-4)","background-image":"","background-repeat":"repeat","background-position":"center center","background-size":"auto","background-attachment":"scroll","background-type":"","background-media":"","overlay-type":"","overlay-color":"","overlay-opacity":"","overlay-gradient":""},"tablet":{"background-color":"var(--ast-global-color-4)","background-image":"","background-repeat":"repeat","background-position":"center center","background-size":"auto","background-attachment":"scroll","background-type":"","background-media":"","overlay-type":"","overlay-color":"","overlay-opacity":"","overlay-gradient":""},"mobile":{"background-color":"var(--ast-global-color-4)","background-image":"","background-repeat":"repeat","background-position":"center center","background-size":"auto","background-attachment":"scroll","background-type":"","background-media":"","overlay-type":"","overlay-color":"","overlay-opacity":"","overlay-gradient":""}},"iawp_total_views":1891,"footnotes":""},"class_list":["post-159","page","type-page","status-publish","hentry"],"_links":{"self":[{"href":"https:\/\/perumotors.com\/es\/wp-json\/wp\/v2\/pages\/159","targetHints":{"allow":["GET"]}}],"collection":[{"href":"https:\/\/perumotors.com\/es\/wp-json\/wp\/v2\/pages"}],"about":[{"href":"https:\/\/perumotors.com\/es\/wp-json\/wp\/v2\/types\/page"}],"author":[{"embeddable":true,"href":"https:\/\/perumotors.com\/es\/wp-json\/wp\/v2\/users\/1"}],"replies":[{"embeddable":true,"href":"https:\/\/perumotors.com\/es\/wp-json\/wp\/v2\/comments?post=159"}],"version-history":[{"count":11,"href":"https:\/\/perumotors.com\/es\/wp-json\/wp\/v2\/pages\/159\/revisions"}],"predecessor-version":[{"id":18288,"href":"https:\/\/perumotors.com\/es\/wp-json\/wp\/v2\/pages\/159\/revisions\/18288"}],"wp:attachment":[{"href":"https:\/\/perumotors.com\/es\/wp-json\/wp\/v2\/media?parent=159"}],"curies":[{"name":"wp","href":"https:\/\/api.w.org\/{rel}","templated":true}]}}