{"id":434,"date":"2024-07-27T18:18:18","date_gmt":"2024-07-27T18:18:18","guid":{"rendered":"https:\/\/peru.sierinkwp.nl\/overperumotors\/"},"modified":"2025-01-25T11:58:49","modified_gmt":"2025-01-25T11:58:49","slug":"overperumotors","status":"publish","type":"page","link":"https:\/\/perumotors.com\/de\/overperumotors\/","title":{"rendered":"\u00dcber PeruMotors"},"content":{"rendered":"\t\t<div data-elementor-type=\"wp-page\" data-elementor-id=\"434\" class=\"elementor elementor-434 elementor-428\" data-elementor-post-type=\"page\">\n\t\t\t\t<div class=\"elementor-element elementor-element-88136c7 e-flex e-con-boxed e-con e-parent\" data-id=\"88136c7\" data-element_type=\"container\" data-e-type=\"container\" data-settings=\"{&quot;background_background&quot;:&quot;classic&quot;}\">\n\t\t\t\t\t<div class=\"e-con-inner\">\n\t\t<div class=\"elementor-element elementor-element-ab5edbc e-con-full e-flex e-con e-child\" data-id=\"ab5edbc\" data-element_type=\"container\" data-e-type=\"container\">\n\t\t\t\t<div class=\"elementor-element elementor-element-123762f elementor-widget elementor-widget-heading\" data-id=\"123762f\" data-element_type=\"widget\" data-e-type=\"widget\" data-widget_type=\"heading.default\">\n\t\t\t\t\t<h2 class=\"elementor-heading-title elementor-size-default\"><span>\u00dcber<\/span>PeruMotors  <\/h2>\t\t\t\t<\/div>\n\t\t\t\t<div class=\"elementor-element elementor-element-4d6b77e elementor-widget elementor-widget-text-editor\" data-id=\"4d6b77e\" data-element_type=\"widget\" data-e-type=\"widget\" data-widget_type=\"text-editor.default\">\n\t\t\t\t\t\t\t\t\t<p>PeruMotors SRL begann im Jahr 2004 als kleines Motorradreiseunternehmen von und f\u00fcr Motorradenthusiasten.<br \/>\nHeute ist PeruMotors einer der f\u00fchrenden Motorradreiseveranstalter in S\u00fcdamerika.  Und der gr\u00f6\u00dfte BMW-Motorradvermieter Perus. Immer noch unter niederl\u00e4ndischer Leitung.<\/p>\n<p>Im Jahr 2010 wurde PeruMotors &#8218;Offizieller Partner von BMW Motorrad&#8216;.<\/p>\n<p>Wir sind spezialisiert auf:<\/p>\n<ul>\n<li>Gef\u00fchrte Motorradtouren weltweit<\/li>\n<li>Selbstgef\u00fchrte Motorradtouren in Peru<\/li>\n<li>Motorradvermietung in Peru<\/li>\n<li>(Selbst-) Gef\u00fchrte 4\u00d74 Touren<\/li>\n<\/ul>\n<p>&#8230; und jede m\u00f6gliche Kombination dieser Dienste.<\/p>\n<p>PeruMotors verf\u00fcgt \u00fcber eine moderne Flotte von \u00fcber 50 Motorr\u00e4dern:<br \/>&#8211; BMW Motorrad,<br \/>&#8211; Honda,<br \/>&#8211; Kawasaki.<br \/>Erg\u00e4nzt durch 3 Begleitfahrzeuge mit 2 Motorradanh\u00e4ngern.<\/p>\n<p>Unsere private Motorradwerkstatt befindet sich ebenfalls in der Stadt Arequipa.<\/p>\n\t\t\t\t\t\t\t\t<\/div>\n\t\t\t\t<\/div>\n\t\t<div class=\"elementor-element elementor-element-380f3cc e-con-full e-flex e-con e-child\" data-id=\"380f3cc\" data-element_type=\"container\" data-e-type=\"container\">\n\t\t<div class=\"elementor-element elementor-element-24f5a4a e-flex e-con-boxed e-con e-child\" data-id=\"24f5a4a\" data-element_type=\"container\" data-e-type=\"container\" data-settings=\"{&quot;background_background&quot;:&quot;classic&quot;}\">\n\t\t\t\t\t<div class=\"e-con-inner\">\n\t\t\t\t\t<\/div>\n\t\t\t\t<\/div>\n\t\t\t\t<\/div>\n\t\t\t\t\t<\/div>\n\t\t\t\t<\/div>\n\t\t<div class=\"elementor-element elementor-element-ef44500 e-flex e-con-boxed e-con e-parent\" data-id=\"ef44500\" data-element_type=\"container\" data-e-type=\"container\">\n\t\t\t\t\t<div class=\"e-con-inner\">\n\t\t<div class=\"elementor-element elementor-element-59a590f e-con-full e-flex e-con e-child\" data-id=\"59a590f\" data-element_type=\"container\" data-e-type=\"container\">\n\t\t<div class=\"elementor-element elementor-element-35fd5f0 e-con-full e-flex e-con e-child\" data-id=\"35fd5f0\" data-element_type=\"container\" data-e-type=\"container\">\n\t\t\t\t<div class=\"elementor-element elementor-element-0639c4d elementor-widget elementor-widget-text-editor\" data-id=\"0639c4d\" data-element_type=\"widget\" data-e-type=\"widget\" data-widget_type=\"text-editor.default\">\n\t\t\t\t\t\t\t\t\t<p>Neben unseren eigenen Touren bieten wir unsere Dienste auch einer Reihe von spezialisierten Motorradreiseveranstaltern aus der ganzen Welt an: USA, Kanada, Niederlande, \u00d6sterreich, Brasilien, Deutschland, Gro\u00dfbritannien, Australien und Neuseeland.<br \/>Wir haben mit unseren Touren in Peru und Bolivien begonnen.<br \/>\nHeute f\u00fchren wir Touren in den L\u00e4ndern durch, die Sie auf der rechten Seite sehen.<br \/>Unsere &#8218;Specials&#8216; in die USA, nach Kanada, Europa und Neuseeland sind in der Tourismusbranche als echte Abenteuer in einem ungezwungenen Rahmen anerkannt. <\/p>\n<p>Die 2 Gr\u00fcnder (Lars Caldenhoven &amp; Geert Boeder) leiten noch immer das Tagesgesch\u00e4ft in Arequipa.<br \/>\nUnd beide sind die professionellen Motorradf\u00fchrer von PeruMotors. <\/p>\n<p>Hauptsitz in Arequipa, S\u00fcdperu.<br \/>Im Jahr 2019 hatte PeruMotors mehr als 350 Motorrad- und 4&#215;4-Reisende zu Gast.<\/p>\n\t\t\t\t\t\t\t\t<\/div>\n\t\t\t\t<\/div>\n\t\t\t\t<\/div>\n\t\t<div class=\"elementor-element elementor-element-8f3d8f7 e-con-full e-flex e-con e-child\" data-id=\"8f3d8f7\" data-element_type=\"container\" data-e-type=\"container\">\n\t\t<div class=\"elementor-element elementor-element-41364d9 e-con-full e-flex e-con e-child\" data-id=\"41364d9\" data-element_type=\"container\" data-e-type=\"container\" data-settings=\"{&quot;background_background&quot;:&quot;classic&quot;}\">\n\t\t\t\t<div class=\"elementor-element elementor-element-821a1c9 elementor-widget elementor-widget-heading\" data-id=\"821a1c9\" data-element_type=\"widget\" data-e-type=\"widget\" data-widget_type=\"heading.default\">\n\t\t\t\t\t<h3 class=\"elementor-heading-title elementor-size-default\">Anders als unser Name vermuten l\u00e4sst, nehmen wir Sie heute mit auf gef\u00fchrte Touren in:<\/h3>\t\t\t\t<\/div>\n\t\t\t\t<div class=\"elementor-element elementor-element-72bc276 elementor-widget elementor-widget-text-editor\" data-id=\"72bc276\" data-element_type=\"widget\" data-e-type=\"widget\" data-widget_type=\"text-editor.default\">\n\t\t\t\t\t\t\t\t\t<ul>\n<li>Peru<\/li>\n<li>Bolivien<\/li>\n<li>Chile<\/li>\n<li>Argentinien<\/li>\n<li>Ecuador<\/li>\n<li>USA<\/li>\n<li>Kanada<\/li>\n<li>Mexiko<\/li>\n<li>Europa<\/li>\n<li>Neuseeland<\/li>\n<\/ul>\n\t\t\t\t\t\t\t\t<\/div>\n\t\t\t\t<\/div>\n\t\t\t\t<\/div>\n\t\t\t\t\t<\/div>\n\t\t\t\t<\/div>\n\t\t<div class=\"elementor-element elementor-element-3bfd15b e-flex e-con-boxed e-con e-parent\" data-id=\"3bfd15b\" data-element_type=\"container\" data-e-type=\"container\">\n\t\t\t\t\t<div class=\"e-con-inner\">\n\t\t<div class=\"elementor-element elementor-element-64f3379 e-con-full e-flex e-con e-child\" data-id=\"64f3379\" data-element_type=\"container\" data-e-type=\"container\">\n\t\t\t\t<div class=\"elementor-element elementor-element-911cb39 elementor-widget elementor-widget-image\" data-id=\"911cb39\" data-element_type=\"widget\" data-e-type=\"widget\" data-widget_type=\"image.default\">\n\t\t\t\t\t\t\t\t\t\t\t\t\t\t\t<img fetchpriority=\"high\" decoding=\"async\" width=\"501\" height=\"501\" src=\"https:\/\/perumotors.com\/wp-content\/uploads\/2024\/07\/image-29.png\" class=\"attachment-large size-large wp-image-446\" alt=\"\" srcset=\"https:\/\/perumotors.com\/wp-content\/uploads\/2024\/07\/image-29.png 501w, https:\/\/perumotors.com\/wp-content\/uploads\/2024\/07\/image-29-350x350.png 350w, https:\/\/perumotors.com\/wp-content\/uploads\/2024\/07\/image-29-200x200.png 200w\" sizes=\"(max-width: 501px) 100vw, 501px\" \/>\t\t\t\t\t\t\t\t\t\t\t\t\t\t\t<\/div>\n\t\t\t\t<\/div>\n\t\t<div class=\"elementor-element elementor-element-0d51d1f e-con-full e-flex e-con e-child\" data-id=\"0d51d1f\" data-element_type=\"container\" data-e-type=\"container\">\n\t\t\t\t<div class=\"elementor-element elementor-element-32cdd55 elementor-widget elementor-widget-heading\" data-id=\"32cdd55\" data-element_type=\"widget\" data-e-type=\"widget\" data-widget_type=\"heading.default\">\n\t\t\t\t\t<h2 class=\"elementor-heading-title elementor-size-default\">Die Gr\u00fcnder von PeruMotors<\/h2>\t\t\t\t<\/div>\n\t\t\t\t<div class=\"elementor-element elementor-element-c00668a elementor-widget elementor-widget-text-editor\" data-id=\"c00668a\" data-element_type=\"widget\" data-e-type=\"widget\" data-widget_type=\"text-editor.default\">\n\t\t\t\t\t\t\t\t\t<p>Geert Boeder &amp; Lars Caldenhoven<\/p>\n\t\t\t\t\t\t\t\t<\/div>\n\t\t\t\t<div class=\"elementor-element elementor-element-b67c86f elementor-widget elementor-widget-heading\" data-id=\"b67c86f\" data-element_type=\"widget\" data-e-type=\"widget\" data-widget_type=\"heading.default\">\n\t\t\t\t\t<h2 class=\"elementor-heading-title elementor-size-default\">Besatzung<\/h2>\t\t\t\t<\/div>\n\t\t\t\t<div class=\"elementor-element elementor-element-6a314a3 elementor-widget elementor-widget-text-editor\" data-id=\"6a314a3\" data-element_type=\"widget\" data-e-type=\"widget\" data-widget_type=\"text-editor.default\">\n\t\t\t\t\t\t\t\t\t<ul>\n<li>2 professionelle (Motorrad-)F\u00fchrer<\/li>\n<li>2 Vollzeit-Motorradmechaniker<\/li>\n<li>1 Buchhalter<\/li>\n<li>2 Freiberufliche Reisef\u00fchrer, und<\/li>\n<li>2 Freiberufliche<br \/>Fahrer\/Mechaniker<\/li>\n<\/ul>\n<p>Die meisten der Motorradf\u00fchrer von PeruMotors sprechen flie\u00dfend Spanisch, Englisch, Niederl\u00e4ndisch und (sehr) einfaches Deutsch.<\/p>\n\t\t\t\t\t\t\t\t<\/div>\n\t\t\t\t<\/div>\n\t\t\t\t\t<\/div>\n\t\t\t\t<\/div>\n\t\t<div class=\"elementor-element elementor-element-f4bba4e e-flex e-con-boxed e-con e-parent\" data-id=\"f4bba4e\" data-element_type=\"container\" data-e-type=\"container\">\n\t\t\t\t\t<div class=\"e-con-inner\">\n\t\t<div class=\"elementor-element elementor-element-8779613 e-con-full e-flex e-con e-child\" data-id=\"8779613\" data-element_type=\"container\" data-e-type=\"container\">\n\t\t\t\t<div class=\"elementor-element elementor-element-055d5b1 elementor-widget elementor-widget-heading\" data-id=\"055d5b1\" data-element_type=\"widget\" data-e-type=\"widget\" data-widget_type=\"heading.default\">\n\t\t\t\t\t<h2 class=\"elementor-heading-title elementor-size-default\">PeruMotors Mannschaft<\/h2>\t\t\t\t<\/div>\n\t\t\t\t<div class=\"elementor-element elementor-element-a08fa35 elementor-widget elementor-widget-text-editor\" data-id=\"a08fa35\" data-element_type=\"widget\" data-e-type=\"widget\" data-widget_type=\"text-editor.default\">\n\t\t\t\t\t\t\t\t\t<p><strong>Eduardo<\/strong> (Foto oben rechts)<br \/>Arbeitet als freiberuflicher Reiseleiter auf dem Motorrad und als Fahrer\/Mechaniker auf Touren)<\/p>\n<p><strong>Carlos<\/strong> (erster von links)<br \/>Unser Chefmechaniker<\/p>\n<p><strong>Mauricio<\/strong> (Dritter von rechts)<br \/>Mechaniker\/Fahrer<\/p>\n<p><strong>Marisa<\/strong> (Dritte von links)<br \/>Finanzen\/Buchhaltung<\/p>\n<p><strong>Edi<\/strong> (zweiter von rechts)<br \/>Edi ist seit vielen Jahren unser bekannter freiberuflicher Mechaniker\/Fahrer auf Touren.<\/p>\n\t\t\t\t\t\t\t\t<\/div>\n\t\t\t\t<\/div>\n\t\t<div class=\"elementor-element elementor-element-bff27e3 e-con-full e-flex e-con e-child\" data-id=\"bff27e3\" data-element_type=\"container\" data-e-type=\"container\">\n\t\t\t\t<div class=\"elementor-element elementor-element-0bd2ba2 elementor-widget elementor-widget-image\" data-id=\"0bd2ba2\" data-element_type=\"widget\" data-e-type=\"widget\" data-widget_type=\"image.default\">\n\t\t\t\t\t\t\t\t\t\t\t\t\t\t\t<img decoding=\"async\" width=\"530\" height=\"600\" src=\"https:\/\/perumotors.com\/wp-content\/uploads\/2024\/07\/image-30-530x600.png\" class=\"attachment-large size-large wp-image-452\" alt=\"\" srcset=\"https:\/\/perumotors.com\/wp-content\/uploads\/2024\/07\/image-30-530x600.png 530w, https:\/\/perumotors.com\/wp-content\/uploads\/2024\/07\/image-30-309x350.png 309w, https:\/\/perumotors.com\/wp-content\/uploads\/2024\/07\/image-30.png 605w\" sizes=\"(max-width: 530px) 100vw, 530px\" \/>\t\t\t\t\t\t\t\t\t\t\t\t\t\t\t<\/div>\n\t\t\t\t<\/div>\n\t\t\t\t\t<\/div>\n\t\t\t\t<\/div>\n\t\t\t\t<\/div>\n\t\t","protected":false},"excerpt":{"rendered":"<p>\u00dcberPeruMotors PeruMotors SRL begann im Jahr 2004 als kleines Motorradreiseunternehmen von und f\u00fcr Motorradenthusiasten. Heute ist PeruMotors einer der f\u00fchrenden Motorradreiseveranstalter in S\u00fcdamerika. Und der gr\u00f6\u00dfte BMW-Motorradvermieter Perus. Immer noch unter niederl\u00e4ndischer Leitung. Im Jahr 2010 wurde PeruMotors &#8218;Offizieller Partner von BMW Motorrad&#8216;. Wir sind spezialisiert auf: Gef\u00fchrte Motorradtouren weltweit Selbstgef\u00fchrte Motorradtouren in Peru Motorradvermietung [&hellip;]<\/p>\n","protected":false},"author":1,"featured_media":0,"parent":0,"menu_order":0,"comment_status":"closed","ping_status":"closed","template":"","meta":{"_seopress_robots_primary_cat":"","_seopress_titles_title":"","_seopress_titles_desc":"","_seopress_robots_index":"","site-sidebar-layout":"no-sidebar","site-content-layout":"page-builder","ast-site-content-layout":"full-width-container","site-content-style":"default","site-sidebar-style":"default","ast-global-header-display":"","ast-banner-title-visibility":"","ast-main-header-display":"","ast-hfb-above-header-display":"","ast-hfb-below-header-display":"","ast-hfb-mobile-header-display":"","site-post-title":"disabled","ast-breadcrumbs-content":"","ast-featured-img":"disabled","footer-sml-layout":"","ast-disable-related-posts":"","theme-transparent-header-meta":"default","adv-header-id-meta":"","stick-header-meta":"default","header-above-stick-meta":"","header-main-stick-meta":"","header-below-stick-meta":"","astra-migrate-meta-layouts":"set","ast-page-background-enabled":"default","ast-page-background-meta":{"desktop":{"background-color":"","background-image":"","background-repeat":"repeat","background-position":"center center","background-size":"auto","background-attachment":"scroll","background-type":"","background-media":"","overlay-type":"","overlay-color":"","overlay-opacity":"","overlay-gradient":""},"tablet":{"background-color":"","background-image":"","background-repeat":"repeat","background-position":"center center","background-size":"auto","background-attachment":"scroll","background-type":"","background-media":"","overlay-type":"","overlay-color":"","overlay-opacity":"","overlay-gradient":""},"mobile":{"background-color":"","background-image":"","background-repeat":"repeat","background-position":"center center","background-size":"auto","background-attachment":"scroll","background-type":"","background-media":"","overlay-type":"","overlay-color":"","overlay-opacity":"","overlay-gradient":""}},"ast-content-background-meta":{"desktop":{"background-color":"var(--ast-global-color-4)","background-image":"","background-repeat":"repeat","background-position":"center center","background-size":"auto","background-attachment":"scroll","background-type":"","background-media":"","overlay-type":"","overlay-color":"","overlay-opacity":"","overlay-gradient":""},"tablet":{"background-color":"var(--ast-global-color-4)","background-image":"","background-repeat":"repeat","background-position":"center center","background-size":"auto","background-attachment":"scroll","background-type":"","background-media":"","overlay-type":"","overlay-color":"","overlay-opacity":"","overlay-gradient":""},"mobile":{"background-color":"var(--ast-global-color-4)","background-image":"","background-repeat":"repeat","background-position":"center center","background-size":"auto","background-attachment":"scroll","background-type":"","background-media":"","overlay-type":"","overlay-color":"","overlay-opacity":"","overlay-gradient":""}},"iawp_total_views":86,"footnotes":""},"class_list":["post-434","page","type-page","status-publish","hentry"],"_links":{"self":[{"href":"https:\/\/perumotors.com\/de\/wp-json\/wp\/v2\/pages\/434","targetHints":{"allow":["GET"]}}],"collection":[{"href":"https:\/\/perumotors.com\/de\/wp-json\/wp\/v2\/pages"}],"about":[{"href":"https:\/\/perumotors.com\/de\/wp-json\/wp\/v2\/types\/page"}],"author":[{"embeddable":true,"href":"https:\/\/perumotors.com\/de\/wp-json\/wp\/v2\/users\/1"}],"replies":[{"embeddable":true,"href":"https:\/\/perumotors.com\/de\/wp-json\/wp\/v2\/comments?post=434"}],"version-history":[{"count":2,"href":"https:\/\/perumotors.com\/de\/wp-json\/wp\/v2\/pages\/434\/revisions"}],"predecessor-version":[{"id":5449,"href":"https:\/\/perumotors.com\/de\/wp-json\/wp\/v2\/pages\/434\/revisions\/5449"}],"wp:attachment":[{"href":"https:\/\/perumotors.com\/de\/wp-json\/wp\/v2\/media?parent=434"}],"curies":[{"name":"wp","href":"https:\/\/api.w.org\/{rel}","templated":true}]}}